{"id":81440,"date":"2019-11-13T10:40:36","date_gmt":"2019-11-12T10:40:36","guid":{"rendered":"https:\/\/www.sylvie-monthule.com\/?post_type=product&#038;p=81440\/"},"modified":"2025-02-17T08:48:40","modified_gmt":"2025-02-17T07:48:40","slug":"bauch-kette-geheime-zartlichkeit-silberfarben","status":"publish","type":"product","link":"https:\/\/www.sylvie-monthule.com\/de\/juwel\/bauch-kette-geheime-zartlichkeit-silberfarben\/","title":{"rendered":"Bauch-Kette \u201egeheime Z\u00e4rtlichkeit\u201c silberfarben"},"content":{"rendered":"<p>Eine elegantes und sexy Schmuckst\u00fcck&#8230; An Ihrer Taille mit einer silbernen Kette h\u00e4ngend, eine feine Hand greift nach einem blauen Splitter! Bei jeder Bewegung Ihres K\u00f6rpers tanzt die Hand und streichelt Ihre Haut&#8230;<\/p>\n","protected":false},"excerpt":{"rendered":"<p>Geben Sie im Block Ihre Gr\u00f6\u00dfe ein:<br \/>\nS, M, L, XL&#8230; Egal welche Gr\u00f6\u00dfe Sie ausw\u00e4hlen,<br \/>\nunser Schmuck ist stets justierbar werden.<\/p>\n<p>Silber 10 Mikrons auf Metall. Blauer Stein.<br \/>\nMaschenkette fein und Panzerkette zur Justierung.<br \/>\nHypoallergen.<\/p>\n","protected":false},"featured_media":80784,"template":"","meta":{"_acf_changed":false},"product_brand":[],"product_cat":[1683,1694],"product_tag":[],"class_list":{"0":"post-81440","1":"product","2":"type-product","3":"status-publish","4":"has-post-thumbnail","6":"product_cat-schmuck-fur-sie","7":"product_cat-taillenketten-fusketten","8":"collection-schmuck-schwindel-der-sinne","10":"first","11":"instock","12":"taxable","13":"shipping-taxable","14":"purchasable","15":"product-type-variable","16":"has-default-attributes"},"acf":[],"_links":{"self":[{"href":"https:\/\/www.sylvie-monthule.com\/de\/wp-json\/wp\/v2\/product\/81440","targetHints":{"allow":["GET"]}}],"collection":[{"href":"https:\/\/www.sylvie-monthule.com\/de\/wp-json\/wp\/v2\/product"}],"about":[{"href":"https:\/\/www.sylvie-monthule.com\/de\/wp-json\/wp\/v2\/types\/product"}],"wp:featuredmedia":[{"embeddable":true,"href":"https:\/\/www.sylvie-monthule.com\/de\/wp-json\/wp\/v2\/media\/80784"}],"wp:attachment":[{"href":"https:\/\/www.sylvie-monthule.com\/de\/wp-json\/wp\/v2\/media?parent=81440"}],"wp:term":[{"taxonomy":"product_brand","embeddable":true,"href":"https:\/\/www.sylvie-monthule.com\/de\/wp-json\/wp\/v2\/product_brand?post=81440"},{"taxonomy":"product_cat","embeddable":true,"href":"https:\/\/www.sylvie-monthule.com\/de\/wp-json\/wp\/v2\/product_cat?post=81440"},{"taxonomy":"product_tag","embeddable":true,"href":"https:\/\/www.sylvie-monthule.com\/de\/wp-json\/wp\/v2\/product_tag?post=81440"}],"curies":[{"name":"wp","href":"https:\/\/api.w.org\/{rel}","templated":true}]}}