{"id":81428,"date":"2019-11-13T10:40:38","date_gmt":"2019-11-12T10:40:38","guid":{"rendered":"https:\/\/www.sylvie-monthule.com\/?post_type=product&#038;p=81428\/"},"modified":"2025-02-27T14:26:26","modified_gmt":"2025-02-27T13:26:26","slug":"hodenschmuck-zartlichkeit-silberfarben","status":"publish","type":"product","link":"https:\/\/www.sylvie-monthule.com\/de\/juwel\/hodenschmuck-zartlichkeit-silberfarben\/","title":{"rendered":"Hodenschmuck \u201eZ\u00e4rtlichkeit\u201c silberfarben"},"content":{"rendered":"<p>Auf Ihren Hoden zwei Frauenh\u00e4nde, die sich vereinen um nach ihnen zu greifen, um sie zu streicheln&#8230; Zwei Frauenh\u00e4nde, mit Silber verziert, vereint, um Ihnen Lust zu bereiten. Ein intimer Penisschmuck, m\u00e4nnlich und geheim, eine \u00dcberraschung f\u00fcr die Partnerin!<\/p>\n","protected":false},"excerpt":{"rendered":"<p>Penisschmuck<br \/>\nElastische Basis aus Baumwolle f\u00fcr perfekten Halt.<\/p>\n<p>Silber 10 Mikrons auf Metall.<br \/>\nRunde Maschenkette.<br \/>\nHypoallergen.<\/p>\n","protected":false},"featured_media":80616,"template":"","meta":{"_acf_changed":false},"product_brand":[],"product_cat":[1687,1699],"product_tag":[],"class_list":{"0":"post-81428","1":"product","2":"type-product","3":"status-publish","4":"has-post-thumbnail","6":"product_cat-schmuck-fur-ihn","7":"product_cat-penis-schmuck","8":"collection-schmuck-schwindel-der-sinne","10":"first","11":"instock","12":"taxable","13":"shipping-taxable","14":"purchasable","15":"product-type-simple"},"acf":[],"_links":{"self":[{"href":"https:\/\/www.sylvie-monthule.com\/de\/wp-json\/wp\/v2\/product\/81428","targetHints":{"allow":["GET"]}}],"collection":[{"href":"https:\/\/www.sylvie-monthule.com\/de\/wp-json\/wp\/v2\/product"}],"about":[{"href":"https:\/\/www.sylvie-monthule.com\/de\/wp-json\/wp\/v2\/types\/product"}],"wp:featuredmedia":[{"embeddable":true,"href":"https:\/\/www.sylvie-monthule.com\/de\/wp-json\/wp\/v2\/media\/80616"}],"wp:attachment":[{"href":"https:\/\/www.sylvie-monthule.com\/de\/wp-json\/wp\/v2\/media?parent=81428"}],"wp:term":[{"taxonomy":"product_brand","embeddable":true,"href":"https:\/\/www.sylvie-monthule.com\/de\/wp-json\/wp\/v2\/product_brand?post=81428"},{"taxonomy":"product_cat","embeddable":true,"href":"https:\/\/www.sylvie-monthule.com\/de\/wp-json\/wp\/v2\/product_cat?post=81428"},{"taxonomy":"product_tag","embeddable":true,"href":"https:\/\/www.sylvie-monthule.com\/de\/wp-json\/wp\/v2\/product_tag?post=81428"}],"curies":[{"name":"wp","href":"https:\/\/api.w.org\/{rel}","templated":true}]}}