{"id":81421,"date":"2019-11-13T10:40:39","date_gmt":"2019-11-12T10:40:39","guid":{"rendered":"https:\/\/www.sylvie-monthule.com\/?post_type=product&#038;p=81421\/"},"modified":"2025-02-27T14:26:25","modified_gmt":"2025-02-27T13:26:25","slug":"penisschmuck-silberfarben-stein","status":"publish","type":"product","link":"https:\/\/www.sylvie-monthule.com\/de\/juwel\/penisschmuck-silberfarben-stein\/","title":{"rendered":"Penisschmuck silberfarben-Stein"},"content":{"rendered":"<p>Ein runder blauer Stein schm\u00fcckt Ihre Intimregion&#8230;Er befreit silberne Ketten, die Ihren Penis umschlingen, und Ihre Hoden mit den Anh\u00e4ngern streicheln. Ein bequemer Intimschmuck f\u00fcr Ihren Penis, originell und gl\u00e4nzend, oben und unten! Ein Intimschmuck zum verf\u00fchren&#8230;<\/p>\n","protected":false},"excerpt":{"rendered":"<p>Elastische Basis aus Baumwolle f\u00fcr perfekten Halt.<\/p>\n<p>Silber 10 Mikrons auf Metall. Runde Maschenkette.<br \/>\nBlauer Stein. Hypoallergen.<\/p>\n","protected":false},"featured_media":80648,"template":"","meta":{"_acf_changed":false},"product_brand":[],"product_cat":[1687,1699],"product_tag":[],"class_list":{"0":"post-81421","1":"product","2":"type-product","3":"status-publish","4":"has-post-thumbnail","6":"product_cat-schmuck-fur-ihn","7":"product_cat-penis-schmuck","8":"collection-schmuck-schwindel-der-sinne","10":"first","11":"instock","12":"taxable","13":"shipping-taxable","14":"purchasable","15":"product-type-simple"},"acf":[],"_links":{"self":[{"href":"https:\/\/www.sylvie-monthule.com\/de\/wp-json\/wp\/v2\/product\/81421","targetHints":{"allow":["GET"]}}],"collection":[{"href":"https:\/\/www.sylvie-monthule.com\/de\/wp-json\/wp\/v2\/product"}],"about":[{"href":"https:\/\/www.sylvie-monthule.com\/de\/wp-json\/wp\/v2\/types\/product"}],"wp:featuredmedia":[{"embeddable":true,"href":"https:\/\/www.sylvie-monthule.com\/de\/wp-json\/wp\/v2\/media\/80648"}],"wp:attachment":[{"href":"https:\/\/www.sylvie-monthule.com\/de\/wp-json\/wp\/v2\/media?parent=81421"}],"wp:term":[{"taxonomy":"product_brand","embeddable":true,"href":"https:\/\/www.sylvie-monthule.com\/de\/wp-json\/wp\/v2\/product_brand?post=81421"},{"taxonomy":"product_cat","embeddable":true,"href":"https:\/\/www.sylvie-monthule.com\/de\/wp-json\/wp\/v2\/product_cat?post=81421"},{"taxonomy":"product_tag","embeddable":true,"href":"https:\/\/www.sylvie-monthule.com\/de\/wp-json\/wp\/v2\/product_tag?post=81421"}],"curies":[{"name":"wp","href":"https:\/\/api.w.org\/{rel}","templated":true}]}}