{"id":81410,"date":"2019-11-13T10:40:41","date_gmt":"2019-11-12T10:40:41","guid":{"rendered":"https:\/\/www.sylvie-monthule.com\/?post_type=product&#038;p=81410\/"},"modified":"2025-02-17T08:48:39","modified_gmt":"2025-02-17T07:48:39","slug":"bauchkette-mit-sexy-flugeln-blau-silberfarben","status":"publish","type":"product","link":"https:\/\/www.sylvie-monthule.com\/de\/juwel\/bauchkette-mit-sexy-flugeln-blau-silberfarben\/","title":{"rendered":"Bauchkette mit sexy Fl\u00fcgeln blau-silberfarben"},"content":{"rendered":"<p>An Ihrem unteren R\u00fccken zeigt eine Bauchkette<br \/>\nihren erotischen Glanz&#8230; Zwei Schmetterlingsfl\u00fcgel in blau und Silber<br \/>\nstreicheln ihren unteren R\u00fccken \u2013 zwei m\u00e4rchenhafte leuchtende Fl\u00fcgel.<br \/>\nDie sinnliche Vision dieses Schmucks lockt alle L\u00fcste an,<br \/>\nda die Ketten sich zwischen die Rundungen Ihres Pos schleichen,<br \/>\num seine Sinnlichkeit zu verkosten&#8230;<\/p>\n","protected":false},"excerpt":{"rendered":"<p>Geben Sie im Block Ihre Gr\u00f6\u00dfe ein:<br \/>\nS, M, L, XL&#8230; Egal welche Gr\u00f6\u00dfe Sie ausw\u00e4hlen,<br \/>\nunser Schmuck kann stets justiert werden.<\/p>\n<p>Silber 10 Mikrons auf Metall.<br \/>\nBlau emailliert. Runder blauer Stein.<br \/>\nMaschenkette fein und Panzerkette zur Justierung.<br \/>\nHypoallergen.<\/p>\n","protected":false},"featured_media":80824,"template":"","meta":{"_acf_changed":false},"product_brand":[],"product_cat":[1683,1694],"product_tag":[],"class_list":{"0":"post-81410","1":"product","2":"type-product","3":"status-publish","4":"has-post-thumbnail","6":"product_cat-schmuck-fur-sie","7":"product_cat-taillenketten-fusketten","8":"collection-schmuck-schwindel-der-sinne","10":"first","11":"instock","12":"taxable","13":"shipping-taxable","14":"purchasable","15":"product-type-variable","16":"has-default-attributes"},"acf":[],"_links":{"self":[{"href":"https:\/\/www.sylvie-monthule.com\/de\/wp-json\/wp\/v2\/product\/81410","targetHints":{"allow":["GET"]}}],"collection":[{"href":"https:\/\/www.sylvie-monthule.com\/de\/wp-json\/wp\/v2\/product"}],"about":[{"href":"https:\/\/www.sylvie-monthule.com\/de\/wp-json\/wp\/v2\/types\/product"}],"wp:featuredmedia":[{"embeddable":true,"href":"https:\/\/www.sylvie-monthule.com\/de\/wp-json\/wp\/v2\/media\/80824"}],"wp:attachment":[{"href":"https:\/\/www.sylvie-monthule.com\/de\/wp-json\/wp\/v2\/media?parent=81410"}],"wp:term":[{"taxonomy":"product_brand","embeddable":true,"href":"https:\/\/www.sylvie-monthule.com\/de\/wp-json\/wp\/v2\/product_brand?post=81410"},{"taxonomy":"product_cat","embeddable":true,"href":"https:\/\/www.sylvie-monthule.com\/de\/wp-json\/wp\/v2\/product_cat?post=81410"},{"taxonomy":"product_tag","embeddable":true,"href":"https:\/\/www.sylvie-monthule.com\/de\/wp-json\/wp\/v2\/product_tag?post=81410"}],"curies":[{"name":"wp","href":"https:\/\/api.w.org\/{rel}","templated":true}]}}