{"id":64862,"date":"2018-11-13T09:41:43","date_gmt":"2018-11-16T09:15:56","guid":{"rendered":"https:\/\/www.sylvie-monthule.com\/?post_type=product&#038;p=64862\/"},"modified":"2025-02-17T08:47:31","modified_gmt":"2025-02-17T07:47:31","slug":"nippelschmuck-ungeduldiges-verlangen-silber","status":"publish","type":"product","link":"https:\/\/www.sylvie-monthule.com\/de\/juwel\/nippelschmuck-ungeduldiges-verlangen-silber\/","title":{"rendered":"Nippelschmuck Ungeduldiges Verlangen Silber"},"content":{"rendered":"<p style=\"text-align: justify;\">Brustwarzenanh\u00e4nger so originell! Sie sind so sexy, diese kleinen M\u00e4nner, die an Ihren Brustwarzen h\u00e4ngen! Welch eine Freude, sie zu entdecken, welch ein exquisites Verlangen, sie zu ber\u00fchren\u2026 die Anh\u00e4nger streicheln die Rundungen Ihrer Br\u00fcste, begehren ungeduldig Ihre Brustwarzen\u2026 Intime zweifarbige Juwelen, die Ihre Sch\u00f6nheit zum Funkeln bringen!<\/p>\n","protected":false},"excerpt":{"rendered":"<div>\n<p>Nippelschmuck ohne-Piercing<br \/>\nSchmerzfrei und verstellbar, f\u00fcr alle Brustwarzengr\u00f6\u00dfen.<\/p>\n<p>zweifarbiges Juwel<br \/>\nHohe Vergoldung 1 Mikron 16 Karat<br \/>\nund Finish 24 Karat und Silber 10 Mikrons<br \/>\nHypoallergen.<\/p>\n<\/div>\n","protected":false},"featured_media":63972,"template":"","meta":{"_acf_changed":false},"product_brand":[],"product_cat":[1683,1692],"product_tag":[],"class_list":{"0":"post-64862","1":"product","2":"type-product","3":"status-publish","4":"has-post-thumbnail","6":"product_cat-schmuck-fur-sie","7":"product_cat-brustschmuck-ohne-piercing","8":"collection-intimes-rendezvous","9":"product_option-sold-in-pairs-de","11":"first","12":"instock","13":"taxable","14":"shipping-taxable","15":"purchasable","16":"product-type-simple"},"acf":[],"_links":{"self":[{"href":"https:\/\/www.sylvie-monthule.com\/de\/wp-json\/wp\/v2\/product\/64862","targetHints":{"allow":["GET"]}}],"collection":[{"href":"https:\/\/www.sylvie-monthule.com\/de\/wp-json\/wp\/v2\/product"}],"about":[{"href":"https:\/\/www.sylvie-monthule.com\/de\/wp-json\/wp\/v2\/types\/product"}],"wp:featuredmedia":[{"embeddable":true,"href":"https:\/\/www.sylvie-monthule.com\/de\/wp-json\/wp\/v2\/media\/63972"}],"wp:attachment":[{"href":"https:\/\/www.sylvie-monthule.com\/de\/wp-json\/wp\/v2\/media?parent=64862"}],"wp:term":[{"taxonomy":"product_brand","embeddable":true,"href":"https:\/\/www.sylvie-monthule.com\/de\/wp-json\/wp\/v2\/product_brand?post=64862"},{"taxonomy":"product_cat","embeddable":true,"href":"https:\/\/www.sylvie-monthule.com\/de\/wp-json\/wp\/v2\/product_cat?post=64862"},{"taxonomy":"product_tag","embeddable":true,"href":"https:\/\/www.sylvie-monthule.com\/de\/wp-json\/wp\/v2\/product_tag?post=64862"}],"curies":[{"name":"wp","href":"https:\/\/api.w.org\/{rel}","templated":true}]}}