{"id":64856,"date":"2018-11-13T09:41:44","date_gmt":"2018-11-16T09:15:54","guid":{"rendered":"https:\/\/www.sylvie-monthule.com\/?post_type=product&#038;p=64856\/"},"modified":"2025-02-17T08:47:30","modified_gmt":"2025-02-17T07:47:30","slug":"hamatit-perlen-nippelschmuck-heimliche-leidenschaft-silber","status":"publish","type":"product","link":"https:\/\/www.sylvie-monthule.com\/de\/juwel\/hamatit-perlen-nippelschmuck-heimliche-leidenschaft-silber\/","title":{"rendered":"H\u00e4matit-Perlen Nippelschmuck Heimliche Leidenschaft Silber"},"content":{"rendered":"<p>Kleiden Sie Ihre Brustwarzen in zarten, aufregenden, sch\u00f6nen Schmuck! Zwei mit Silber verflochtene H\u00e4matitperlen, voll und weich, wie die Rundheit Ihrer Br\u00fcste, schm\u00fccken Ihre Brustwarzen und umschmeicheln Ihre Kurven mit Leidenschaft! Zwei wunderbare H\u00e4matit-Tropfen\u2026 Auf jeder Perle erhebt sich ein kleiner Mann, verliebt in Sie\u2026 Ein sehr sinnliches Brustwarzen-Juwel!<\/p>\n","protected":false},"excerpt":{"rendered":"<div>\n<p>Nippelschmuck ohne-Piercing<br \/>\nSchmerzfrei und verstellbar, f\u00fcr alle Brustwarzengr\u00f6\u00dfen.<\/p>\n<p>Silber 10 Mikrons auf Metall<br \/>\nH\u00e4matit-Perlen.<br \/>\nHypoallergen.<\/p>\n<\/div>\n","protected":false},"featured_media":64020,"template":"","meta":{"_acf_changed":false},"product_brand":[],"product_cat":[1683,1692],"product_tag":[],"class_list":{"0":"post-64856","1":"product","2":"type-product","3":"status-publish","4":"has-post-thumbnail","6":"product_cat-schmuck-fur-sie","7":"product_cat-brustschmuck-ohne-piercing","8":"collection-intimes-rendezvous","9":"product_option-sold-in-pairs-de","11":"first","12":"instock","13":"taxable","14":"shipping-taxable","15":"purchasable","16":"product-type-simple"},"acf":[],"_links":{"self":[{"href":"https:\/\/www.sylvie-monthule.com\/de\/wp-json\/wp\/v2\/product\/64856","targetHints":{"allow":["GET"]}}],"collection":[{"href":"https:\/\/www.sylvie-monthule.com\/de\/wp-json\/wp\/v2\/product"}],"about":[{"href":"https:\/\/www.sylvie-monthule.com\/de\/wp-json\/wp\/v2\/types\/product"}],"wp:featuredmedia":[{"embeddable":true,"href":"https:\/\/www.sylvie-monthule.com\/de\/wp-json\/wp\/v2\/media\/64020"}],"wp:attachment":[{"href":"https:\/\/www.sylvie-monthule.com\/de\/wp-json\/wp\/v2\/media?parent=64856"}],"wp:term":[{"taxonomy":"product_brand","embeddable":true,"href":"https:\/\/www.sylvie-monthule.com\/de\/wp-json\/wp\/v2\/product_brand?post=64856"},{"taxonomy":"product_cat","embeddable":true,"href":"https:\/\/www.sylvie-monthule.com\/de\/wp-json\/wp\/v2\/product_cat?post=64856"},{"taxonomy":"product_tag","embeddable":true,"href":"https:\/\/www.sylvie-monthule.com\/de\/wp-json\/wp\/v2\/product_tag?post=64856"}],"curies":[{"name":"wp","href":"https:\/\/api.w.org\/{rel}","templated":true}]}}