{"id":64850,"date":"2018-11-13T09:41:45","date_gmt":"2018-11-16T09:15:52","guid":{"rendered":"https:\/\/www.sylvie-monthule.com\/?post_type=product&#038;p=64850\/"},"modified":"2025-02-27T14:26:28","modified_gmt":"2025-02-27T13:26:28","slug":"penis-schmuck-sein-geheimnis-silber","status":"publish","type":"product","link":"https:\/\/www.sylvie-monthule.com\/de\/juwel\/penis-schmuck-sein-geheimnis-silber\/","title":{"rendered":"Penis Schmuck Sein Geheimnis Silber"},"content":{"rendered":"<p>Votre sexe se pare d&#8217;une pierre sublime, une pierre h\u00e9matite, ovale\u2026 Ses reflets intenses rappellent la couleur de l&#8217;acier, du m\u00e9tal&#8230; Les chaines qui s&#8217;en \u00e9chappent passent sous votre p\u00e9nis pour rejoindre une boule h\u00e9matite, pleine et lisse, que vous sentez battre sur vos bourses&#8230; sous la boule, un pompon de chaines s&#8217;agite comme un petit fouet secret&#8230; Un bijou intime et secret en Argent et H\u00e9matite.<\/p>\n","protected":false},"excerpt":{"rendered":"<p>L\u2019\u00e9lastique en coton doux suit vos mouvements et assure un maintien parfait.<\/p>\n<p>Pierre en verre teinte h\u00e9matite. Chaines traitement plaqu\u00e9 argent 10 microns sur m\u00e9tal. Boule H\u00e9matite pleine. Hypoallerg\u00e9nique. Base \u00e9lastique coton noir.<\/p>\n<p>Bijou ajustable et tr\u00e8s confortable gr\u00e2ce \u00e0 sa base \u00e9lastiqu\u00e9e.<\/p>\n","protected":false},"featured_media":64064,"template":"","meta":{"_acf_changed":false},"product_brand":[],"product_cat":[1687,1699],"product_tag":[],"class_list":{"0":"post-64850","1":"product","2":"type-product","3":"status-publish","4":"has-post-thumbnail","6":"product_cat-schmuck-fur-ihn","7":"product_cat-penis-schmuck","8":"collection-intimes-rendezvous","10":"first","11":"instock","12":"taxable","13":"shipping-taxable","14":"purchasable","15":"product-type-simple"},"acf":[],"_links":{"self":[{"href":"https:\/\/www.sylvie-monthule.com\/de\/wp-json\/wp\/v2\/product\/64850","targetHints":{"allow":["GET"]}}],"collection":[{"href":"https:\/\/www.sylvie-monthule.com\/de\/wp-json\/wp\/v2\/product"}],"about":[{"href":"https:\/\/www.sylvie-monthule.com\/de\/wp-json\/wp\/v2\/types\/product"}],"wp:featuredmedia":[{"embeddable":true,"href":"https:\/\/www.sylvie-monthule.com\/de\/wp-json\/wp\/v2\/media\/64064"}],"wp:attachment":[{"href":"https:\/\/www.sylvie-monthule.com\/de\/wp-json\/wp\/v2\/media?parent=64850"}],"wp:term":[{"taxonomy":"product_brand","embeddable":true,"href":"https:\/\/www.sylvie-monthule.com\/de\/wp-json\/wp\/v2\/product_brand?post=64850"},{"taxonomy":"product_cat","embeddable":true,"href":"https:\/\/www.sylvie-monthule.com\/de\/wp-json\/wp\/v2\/product_cat?post=64850"},{"taxonomy":"product_tag","embeddable":true,"href":"https:\/\/www.sylvie-monthule.com\/de\/wp-json\/wp\/v2\/product_tag?post=64850"}],"curies":[{"name":"wp","href":"https:\/\/api.w.org\/{rel}","templated":true}]}}