{"id":64847,"date":"2018-11-13T09:41:45","date_gmt":"2018-11-16T09:15:52","guid":{"rendered":"https:\/\/www.sylvie-monthule.com\/?post_type=product&#038;p=64847\/"},"modified":"2025-02-27T14:26:29","modified_gmt":"2025-02-27T13:26:29","slug":"penis-reif-ungeduldiges-verlangen-gold","status":"publish","type":"product","link":"https:\/\/www.sylvie-monthule.com\/de\/juwel\/penis-reif-ungeduldiges-verlangen-gold\/","title":{"rendered":"Penis Reif Ungeduldiges Verlangen Gold"},"content":{"rendered":"<p>Un bracelet de verge or, pur et discret ! Deux petits corps unis par une chaine, attrapent l&#8217;\u00e9lastique en coton noir qui enlace vos bourses. El\u00e9gance et finesse d&#8217;un bijou sexe \u00e0 porter \u00e0 volont\u00e9 !<\/p>\n","protected":false},"excerpt":{"rendered":"<p>L\u2019\u00e9lastique en coton doux suit vos mouvements et assure un maintien parfait.<\/p>\n<p>Bijou avec traitement haute dorure 1 micron 16 carats et finition 24 carats sur m\u00e9tal. Hypoallerg\u00e9nique.<br \/>\nBase \u00e9lastique coton noir.<\/p>\n<p>Bijou ajustable et tres confortable grace \u00e0 sa base \u00e9lastiqu\u00e9e.<\/p>\n","protected":false},"featured_media":64084,"template":"","meta":{"_acf_changed":false},"product_brand":[],"product_cat":[1687,1699],"product_tag":[],"class_list":{"0":"post-64847","1":"product","2":"type-product","3":"status-publish","4":"has-post-thumbnail","6":"product_cat-schmuck-fur-ihn","7":"product_cat-penis-schmuck","8":"collection-intimes-rendezvous","10":"first","11":"instock","12":"taxable","13":"shipping-taxable","14":"purchasable","15":"product-type-simple"},"acf":[],"_links":{"self":[{"href":"https:\/\/www.sylvie-monthule.com\/de\/wp-json\/wp\/v2\/product\/64847","targetHints":{"allow":["GET"]}}],"collection":[{"href":"https:\/\/www.sylvie-monthule.com\/de\/wp-json\/wp\/v2\/product"}],"about":[{"href":"https:\/\/www.sylvie-monthule.com\/de\/wp-json\/wp\/v2\/types\/product"}],"wp:featuredmedia":[{"embeddable":true,"href":"https:\/\/www.sylvie-monthule.com\/de\/wp-json\/wp\/v2\/media\/64084"}],"wp:attachment":[{"href":"https:\/\/www.sylvie-monthule.com\/de\/wp-json\/wp\/v2\/media?parent=64847"}],"wp:term":[{"taxonomy":"product_brand","embeddable":true,"href":"https:\/\/www.sylvie-monthule.com\/de\/wp-json\/wp\/v2\/product_brand?post=64847"},{"taxonomy":"product_cat","embeddable":true,"href":"https:\/\/www.sylvie-monthule.com\/de\/wp-json\/wp\/v2\/product_cat?post=64847"},{"taxonomy":"product_tag","embeddable":true,"href":"https:\/\/www.sylvie-monthule.com\/de\/wp-json\/wp\/v2\/product_tag?post=64847"}],"curies":[{"name":"wp","href":"https:\/\/api.w.org\/{rel}","templated":true}]}}