{"id":64817,"date":"2018-11-13T09:41:48","date_gmt":"2018-11-16T09:15:45","guid":{"rendered":"https:\/\/www.sylvie-monthule.com\/?post_type=product&#038;p=64817\/"},"modified":"2025-02-17T08:47:28","modified_gmt":"2025-02-17T07:47:28","slug":"brustkette-ungeduldiges-verlangen-gold","status":"publish","type":"product","link":"https:\/\/www.sylvie-monthule.com\/de\/juwel\/brustkette-ungeduldiges-verlangen-gold\/","title":{"rendered":"Brustkette Ungeduldiges Verlangen Gold"},"content":{"rendered":"<p style=\"text-align: justify;\">Eine goldene und silberne Brustkette, die mit Ihren Frauenphantasien spielt! Die Begierde wird ungeduldig&#8230; In deinem Dekollet\u00e9 buhlen drei kleine M\u00e4nner um deine Sinnlichkeit! Drei &#8222;M\u00e4nnerk\u00f6rper&#8220;, in Silber gekleidet, vereinigen sich mit goldenen Ketten. Die Ketten streicheln Ihre Br\u00fcste und umarmen Ihre erigierten Brustwarzen. Sch\u00f6nheit aus Gold und Silber, die sich vermischen, Finesse dieser M\u00e4nnerschmuckst\u00fccke, die sich auf Ihrer Haut einladen&#8230; alles \u00fcber Sie zu entdecken.<\/p>\n","protected":false},"excerpt":{"rendered":"<p>Durch die anpassbare Kette am Hals<br \/>\nk\u00f6nnen Sie Ihr Brustcollier nach Belieben regulieren.<br \/>\nBrustbefestigung ohne Piercing.<br \/>\nSchmerzlos und gleitend, f\u00fcr alle<br \/>\nBrustwarzengr\u00f6\u00dfen geeignet.<\/p>\n<p>zweifarbiges Juwel<br \/>\nHohe Vergoldung 1 Mikron 16 Karat<br \/>\nund Finish 24 Karat und Silber 10 Mikrons<br \/>\nHypoallergen.<\/p>\n<p>&nbsp;<\/p>\n","protected":false},"featured_media":64272,"template":"","meta":{"_acf_changed":false},"product_brand":[],"product_cat":[1683,1692],"product_tag":[],"class_list":{"0":"post-64817","1":"product","2":"type-product","3":"status-publish","4":"has-post-thumbnail","6":"product_cat-schmuck-fur-sie","7":"product_cat-brustschmuck-ohne-piercing","8":"collection-intimes-rendezvous","10":"first","11":"instock","12":"taxable","13":"shipping-taxable","14":"purchasable","15":"product-type-simple"},"acf":[],"_links":{"self":[{"href":"https:\/\/www.sylvie-monthule.com\/de\/wp-json\/wp\/v2\/product\/64817","targetHints":{"allow":["GET"]}}],"collection":[{"href":"https:\/\/www.sylvie-monthule.com\/de\/wp-json\/wp\/v2\/product"}],"about":[{"href":"https:\/\/www.sylvie-monthule.com\/de\/wp-json\/wp\/v2\/types\/product"}],"wp:featuredmedia":[{"embeddable":true,"href":"https:\/\/www.sylvie-monthule.com\/de\/wp-json\/wp\/v2\/media\/64272"}],"wp:attachment":[{"href":"https:\/\/www.sylvie-monthule.com\/de\/wp-json\/wp\/v2\/media?parent=64817"}],"wp:term":[{"taxonomy":"product_brand","embeddable":true,"href":"https:\/\/www.sylvie-monthule.com\/de\/wp-json\/wp\/v2\/product_brand?post=64817"},{"taxonomy":"product_cat","embeddable":true,"href":"https:\/\/www.sylvie-monthule.com\/de\/wp-json\/wp\/v2\/product_cat?post=64817"},{"taxonomy":"product_tag","embeddable":true,"href":"https:\/\/www.sylvie-monthule.com\/de\/wp-json\/wp\/v2\/product_tag?post=64817"}],"curies":[{"name":"wp","href":"https:\/\/api.w.org\/{rel}","templated":true}]}}