{"id":64808,"date":"2018-11-13T09:41:49","date_gmt":"2018-11-16T09:15:43","guid":{"rendered":"https:\/\/www.sylvie-monthule.com\/?post_type=product&#038;p=64808\/"},"modified":"2025-02-17T08:47:27","modified_gmt":"2025-02-17T07:47:27","slug":"hamatit-perlen-brustkette-heimliche-leidenschaft-silber","status":"publish","type":"product","link":"https:\/\/www.sylvie-monthule.com\/de\/juwel\/hamatit-perlen-brustkette-heimliche-leidenschaft-silber\/","title":{"rendered":"H\u00e4matit-Perlen Brustkette Heimliche Leidenschaft Silber"},"content":{"rendered":"<p>Eine sublime und sinnliche Brustkette kleidet Ihre Br\u00fcste und Brustwarzen. In der Vertiefung Ihrer Brust wird ein kleines \u201cM\u00e4nnerjuwel\u201d auf einer H\u00e4matitperle gehisst. Ein Liebhaber, der an Ihrer Sch\u00f6nheit h\u00e4ngt! Im Spiegel bewundern Sie dieses sexy Juwel, das zwischen Ihren Br\u00fcsten tanzt\u2026 Die silber Ketten laufen leidenschaftlich auf Ihre Br\u00fcste zu, um Ihre Brustwarzen zu umarmen\u2026 Sie sp\u00fcren ihre exquisiten Liebkosungen auf Ihrer Haut! Heute Abend wird Ihr Liebhaber das Geheimnis dieses k\u00f6stlichen Juwels entdecken\u2026<\/p>\n","protected":false},"excerpt":{"rendered":"<p>Durch die anpassbare Kette am Hals<br \/>\nk\u00f6nnen Sie Ihr Brustcollier nach Belieben regulieren.<br \/>\nBrustbefestigung ohne Piercing.<br \/>\nSchmerzlos und gleitend, f\u00fcr alle<br \/>\nBrustwarzengr\u00f6\u00dfen geeignet.<\/p>\n<p>Silber 10 Mikrons auf Metall<br \/>\nHamatit-Perlen.<br \/>\nHypoallergen.<\/p>\n","protected":false},"featured_media":64348,"template":"","meta":{"_acf_changed":false},"product_brand":[],"product_cat":[1683,1692],"product_tag":[],"class_list":{"0":"post-64808","1":"product","2":"type-product","3":"status-publish","4":"has-post-thumbnail","6":"product_cat-schmuck-fur-sie","7":"product_cat-brustschmuck-ohne-piercing","8":"collection-intimes-rendezvous","10":"first","11":"instock","12":"taxable","13":"shipping-taxable","14":"purchasable","15":"product-type-simple"},"acf":[],"_links":{"self":[{"href":"https:\/\/www.sylvie-monthule.com\/de\/wp-json\/wp\/v2\/product\/64808","targetHints":{"allow":["GET"]}}],"collection":[{"href":"https:\/\/www.sylvie-monthule.com\/de\/wp-json\/wp\/v2\/product"}],"about":[{"href":"https:\/\/www.sylvie-monthule.com\/de\/wp-json\/wp\/v2\/types\/product"}],"wp:featuredmedia":[{"embeddable":true,"href":"https:\/\/www.sylvie-monthule.com\/de\/wp-json\/wp\/v2\/media\/64348"}],"wp:attachment":[{"href":"https:\/\/www.sylvie-monthule.com\/de\/wp-json\/wp\/v2\/media?parent=64808"}],"wp:term":[{"taxonomy":"product_brand","embeddable":true,"href":"https:\/\/www.sylvie-monthule.com\/de\/wp-json\/wp\/v2\/product_brand?post=64808"},{"taxonomy":"product_cat","embeddable":true,"href":"https:\/\/www.sylvie-monthule.com\/de\/wp-json\/wp\/v2\/product_cat?post=64808"},{"taxonomy":"product_tag","embeddable":true,"href":"https:\/\/www.sylvie-monthule.com\/de\/wp-json\/wp\/v2\/product_tag?post=64808"}],"curies":[{"name":"wp","href":"https:\/\/api.w.org\/{rel}","templated":true}]}}