{"id":64797,"date":"2018-11-13T09:41:50","date_gmt":"2018-11-16T09:15:40","guid":{"rendered":"https:\/\/www.sylvie-monthule.com\/?post_type=product&#038;p=64797\/"},"modified":"2025-02-27T14:26:42","modified_gmt":"2025-02-27T13:26:42","slug":"hamatit-perlen-anhanger-heimliche-leidenschaft-silber","status":"publish","type":"product","link":"https:\/\/www.sylvie-monthule.com\/de\/juwel\/hamatit-perlen-anhanger-heimliche-leidenschaft-silber\/","title":{"rendered":"H\u00e4matit-Perlen Anh\u00e4nger Heimliche Leidenschaft Silber"},"content":{"rendered":"<p>Le pendentif qui orne votre d\u00e9collet\u00e9 est si troublant ! Un homme miniature fait corps avec une perle H\u00e9matite\u2026 Il semble vouloir capturer sa beaut\u00e9, son \u00e9clat. Un bijou pour murmurer l&#8217;Amour, la Passion!<\/p>\n","protected":false},"excerpt":{"rendered":"<p>Pendentif homme sur goutte h\u00e9matite. Chaine fine longueur 50 cm environ. Traitement plaqu\u00e9 argent 10 microns sur m\u00e9tal. Hypoallerg\u00e9nique.<\/p>\n","protected":false},"featured_media":64444,"template":"","meta":{"_acf_changed":false},"product_brand":[],"product_cat":[1683,1696],"product_tag":[],"class_list":{"0":"post-64797","1":"product","2":"type-product","3":"status-publish","4":"has-post-thumbnail","6":"product_cat-schmuck-fur-sie","7":"product_cat-halsketten-und-ohrringe","8":"collection-intimes-rendezvous","10":"first","11":"instock","12":"taxable","13":"shipping-taxable","14":"purchasable","15":"product-type-simple"},"acf":[],"_links":{"self":[{"href":"https:\/\/www.sylvie-monthule.com\/de\/wp-json\/wp\/v2\/product\/64797","targetHints":{"allow":["GET"]}}],"collection":[{"href":"https:\/\/www.sylvie-monthule.com\/de\/wp-json\/wp\/v2\/product"}],"about":[{"href":"https:\/\/www.sylvie-monthule.com\/de\/wp-json\/wp\/v2\/types\/product"}],"wp:featuredmedia":[{"embeddable":true,"href":"https:\/\/www.sylvie-monthule.com\/de\/wp-json\/wp\/v2\/media\/64444"}],"wp:attachment":[{"href":"https:\/\/www.sylvie-monthule.com\/de\/wp-json\/wp\/v2\/media?parent=64797"}],"wp:term":[{"taxonomy":"product_brand","embeddable":true,"href":"https:\/\/www.sylvie-monthule.com\/de\/wp-json\/wp\/v2\/product_brand?post=64797"},{"taxonomy":"product_cat","embeddable":true,"href":"https:\/\/www.sylvie-monthule.com\/de\/wp-json\/wp\/v2\/product_cat?post=64797"},{"taxonomy":"product_tag","embeddable":true,"href":"https:\/\/www.sylvie-monthule.com\/de\/wp-json\/wp\/v2\/product_tag?post=64797"}],"curies":[{"name":"wp","href":"https:\/\/api.w.org\/{rel}","templated":true}]}}