{"id":64794,"date":"2018-11-13T09:41:50","date_gmt":"2018-11-12T09:41:50","guid":{"rendered":"https:\/\/www.sylvie-monthule.com\/?post_type=product&#038;p=64794\/"},"modified":"2025-02-17T08:46:42","modified_gmt":"2025-02-17T07:46:42","slug":"schmuck-bh-ungeduldiges-verlangen-gold","status":"publish","type":"product","link":"https:\/\/www.sylvie-monthule.com\/de\/juwel\/schmuck-bh-ungeduldiges-verlangen-gold\/","title":{"rendered":"Schmuck-BH &#8222;Ungeduldiges Verlangen&#8220; gold"},"content":{"rendered":"<p style=\"text-align: justify;\">Ein sehr sinnlicher und sexy BH: zwei Satintr\u00e4ger kleiden Ihre Schultern. AEin BH, der zu einem Juwelen-BH wird, der Ihre Br\u00fcste vollst\u00e4ndig enth\u00fcllt. Die Ketten umschlie\u00dfen Ihre nackten Br\u00fcste mit Sinnlichkeit und Sinnlichkeit. Ein kleiner &#8222;Juwelenmann&#8220; h\u00e4ngt zwischen den Kurven Ihrer Br\u00fcste. Ein hinrei\u00dfendes K\u00f6rperschmuckst\u00fcck, das Ihre Br\u00fcste umarmt und sie in Gold und Silber kleidet, in v\u00f6lliger Harmonie mit dem Juwelen-String &#8222;Ungeduldiges Verlangen&#8220;. Spielen Sie mit Ihrem sexy BH, schieben Sie die &#8222;kleinen M\u00e4nner&#8220; auf die Tr\u00e4ger!<\/p>\n","protected":false},"excerpt":{"rendered":"<p>Die Schmuck-BHs sind dank ihres raffinierten<br \/>\nEinstellungssystems komplett verstellbar,<br \/>\nund sie k\u00f6nnen sich jeder Busengr\u00f6\u00dfe anpassen<\/p>\n<p>Schwarze Satin-Tr\u00e4ger<br \/>\nAuf den Tr\u00e4gern gleitender Schmuck.<br \/>\nHohe Vergoldung 1 Mikron 16 Karat und Finish 24 Karat<br \/>\nund Silber 10 Mikron<br \/>\nFeine Ketten und Ketten f\u00fcr Verstellungen<br \/>\n(Nacken und R\u00fccken)<br \/>\nHypoallergen.<\/p>\n","protected":false},"featured_media":64460,"template":"","meta":{"_acf_changed":false},"product_brand":[],"product_cat":[1683,1697],"product_tag":[],"class_list":{"0":"post-64794","1":"product","2":"type-product","3":"status-publish","4":"has-post-thumbnail","6":"product_cat-schmuck-fur-sie","7":"product_cat-schmuck-bhs","8":"collection-intimes-rendezvous","10":"first","11":"instock","12":"taxable","13":"shipping-taxable","14":"purchasable","15":"product-type-simple"},"acf":[],"_links":{"self":[{"href":"https:\/\/www.sylvie-monthule.com\/de\/wp-json\/wp\/v2\/product\/64794","targetHints":{"allow":["GET"]}}],"collection":[{"href":"https:\/\/www.sylvie-monthule.com\/de\/wp-json\/wp\/v2\/product"}],"about":[{"href":"https:\/\/www.sylvie-monthule.com\/de\/wp-json\/wp\/v2\/types\/product"}],"wp:featuredmedia":[{"embeddable":true,"href":"https:\/\/www.sylvie-monthule.com\/de\/wp-json\/wp\/v2\/media\/64460"}],"wp:attachment":[{"href":"https:\/\/www.sylvie-monthule.com\/de\/wp-json\/wp\/v2\/media?parent=64794"}],"wp:term":[{"taxonomy":"product_brand","embeddable":true,"href":"https:\/\/www.sylvie-monthule.com\/de\/wp-json\/wp\/v2\/product_brand?post=64794"},{"taxonomy":"product_cat","embeddable":true,"href":"https:\/\/www.sylvie-monthule.com\/de\/wp-json\/wp\/v2\/product_cat?post=64794"},{"taxonomy":"product_tag","embeddable":true,"href":"https:\/\/www.sylvie-monthule.com\/de\/wp-json\/wp\/v2\/product_tag?post=64794"}],"curies":[{"name":"wp","href":"https:\/\/api.w.org\/{rel}","templated":true}]}}