{"id":64785,"date":"2018-11-13T09:41:51","date_gmt":"2018-11-16T09:15:36","guid":{"rendered":"https:\/\/www.sylvie-monthule.com\/?post_type=product&#038;p=64785\/"},"modified":"2025-02-17T08:46:49","modified_gmt":"2025-02-17T07:46:49","slug":"penetrierender-string-intime-ekstase-silber","status":"publish","type":"product","link":"https:\/\/www.sylvie-monthule.com\/de\/juwel\/penetrierender-string-intime-ekstase-silber\/","title":{"rendered":"Penetrierender String Intime Ekstase Silber"},"content":{"rendered":"<p style=\"text-align: justify;\">In dem Samteinband entdecken Sie ein blau-silbernes Sexspielzeug-Juwel. Ihre Augen schauen auf den langen Tropfen, Ihre Finger streicheln die Kurven, die Rundungen &#8230; Nackt vor dem Spiegel laden Sie das Juwel ein, in Sie hineinzuschl\u00fcpfen! Was f\u00fcr eine aufregende Wirkung! Der in Ihrem Geschlecht artikulierte Tropfen ist au\u00dfergew\u00f6hnlich weich und regt alle Ihre Sinne an. Der lange Tropfen folgt Ihren Bewegungen, und das Vergn\u00fcgen wird immer st\u00e4rker und st\u00e4rker&#8230; K\u00f6nnen Sie das Geheimnis bis zu Ihrer Verabredung bewahren? Mit Ihrem Partner&#8230;\u00a0ein stimulierendes Juwel, ein einzigartiges und erhabenes Sexspielzeug.<\/p>\n","protected":false},"excerpt":{"rendered":"<div>\n<p>F\u00fcr alle Intimmorphologien<br \/>\nSehr komfortabel.<\/p>\n<p>Silber 10 Mikron auf Metall.<br \/>\nTropfenl\u00e4nge: 7 cm<br \/>\nMit blauer oder schwarzer Kugel aus hypoallergenem Harz: Durchmesser 34 mm.<br \/>\nGummib\u00e4nder aus Baumwolle. Von Hand waschbar.<br \/>\nHypoallergen.<\/p>\n<\/div>\n","protected":false},"featured_media":64552,"template":"","meta":{"_acf_changed":false},"product_brand":[],"product_cat":[1683,1695],"product_tag":[],"class_list":{"0":"post-64785","1":"product","2":"type-product","3":"status-publish","4":"has-post-thumbnail","6":"product_cat-schmuck-fur-sie","7":"product_cat-stimulierender-und-penetrierender-schmuck","8":"collection-intimes-rendezvous","9":"product_option-size-information-de","11":"first","12":"instock","13":"taxable","14":"shipping-taxable","15":"purchasable","16":"product-type-simple"},"acf":[],"_links":{"self":[{"href":"https:\/\/www.sylvie-monthule.com\/de\/wp-json\/wp\/v2\/product\/64785","targetHints":{"allow":["GET"]}}],"collection":[{"href":"https:\/\/www.sylvie-monthule.com\/de\/wp-json\/wp\/v2\/product"}],"about":[{"href":"https:\/\/www.sylvie-monthule.com\/de\/wp-json\/wp\/v2\/types\/product"}],"wp:featuredmedia":[{"embeddable":true,"href":"https:\/\/www.sylvie-monthule.com\/de\/wp-json\/wp\/v2\/media\/64552"}],"wp:attachment":[{"href":"https:\/\/www.sylvie-monthule.com\/de\/wp-json\/wp\/v2\/media?parent=64785"}],"wp:term":[{"taxonomy":"product_brand","embeddable":true,"href":"https:\/\/www.sylvie-monthule.com\/de\/wp-json\/wp\/v2\/product_brand?post=64785"},{"taxonomy":"product_cat","embeddable":true,"href":"https:\/\/www.sylvie-monthule.com\/de\/wp-json\/wp\/v2\/product_cat?post=64785"},{"taxonomy":"product_tag","embeddable":true,"href":"https:\/\/www.sylvie-monthule.com\/de\/wp-json\/wp\/v2\/product_tag?post=64785"}],"curies":[{"name":"wp","href":"https:\/\/api.w.org\/{rel}","templated":true}]}}