{"id":64779,"date":"2018-11-13T09:41:52","date_gmt":"2018-11-16T09:15:34","guid":{"rendered":"https:\/\/www.sylvie-monthule.com\/?post_type=product&#038;p=64779\/"},"modified":"2025-02-17T08:47:05","modified_gmt":"2025-02-17T07:47:05","slug":"string-ungeduldiges-verlangen-silber","status":"publish","type":"product","link":"https:\/\/www.sylvie-monthule.com\/de\/juwel\/string-ungeduldiges-verlangen-silber\/","title":{"rendered":"String Ungeduldiges Verlangen Silber"},"content":{"rendered":"<p>Provozieren Sie Lust! Sie bewundern den ovalen Stein auf Ihrem Venusberg. Sein Relief ist so weich, so sch\u00f6n\u2026 Unter dem H\u00e4matit, aufgeh\u00e4ngt an den feinen Ketten, die Ihr Geschlecht streicheln, klettert ein M\u00e4nnerjuwel\u2026 Ein \u201cM\u00e4nneranh\u00e4nger\u201d begehrt den Stein, so gl\u00e4nzend, so attraktiv auf Ihr nacktes Geschlecht\u2026 Andere \u201cJuwelen f\u00fcr M\u00e4nner\u201d schm\u00fccken Ihre H\u00fcften, ebenfalls angezogen vom Glanz des H\u00e4matit\u2026 Schieben Sie den Herrenschmuck \u00fcber das Gummiband; viel Spa\u00df mit dem Schmuck\u2026 Ein raffinierter Juwel-String, der mit Gold und Silber und mit Ihren Sinnen spielt!<\/p>\n","protected":false},"excerpt":{"rendered":"<div>\n<p>Dank der elastischen Halterungen aus weicher Baumwolle,<br \/>\nkann der Schmuck-String perfekt platziert werden.<\/p>\n<p>K\u00f6rperschmuck mit ovalem H\u00e4matit-Stein.<br \/>\nDie M\u00e4nnerschmuckst\u00fccke gleiten \u00fcber die Gummib\u00e4nder.<br \/>\nzweifarbiger Schmuck :\u00a0Hohe Vergoldung 1 Mikron 16 Karat<br \/>\nund Finish 24 Karat und Silber 10 Mikron.<br \/>\nVon Hand waschbar.<br \/>\nHypoallergen.<\/p>\n<\/div>\n","protected":false},"featured_media":64616,"template":"","meta":{"_acf_changed":false},"product_brand":[],"product_cat":[1683,1698],"product_tag":[],"class_list":{"0":"post-64779","1":"product","2":"type-product","3":"status-publish","4":"has-post-thumbnail","6":"product_cat-schmuck-fur-sie","7":"product_cat-schmuckstrings","8":"collection-intimes-rendezvous","9":"product_option-size-information-de","11":"first","12":"instock","13":"taxable","14":"shipping-taxable","15":"purchasable","16":"product-type-simple"},"acf":[],"_links":{"self":[{"href":"https:\/\/www.sylvie-monthule.com\/de\/wp-json\/wp\/v2\/product\/64779","targetHints":{"allow":["GET"]}}],"collection":[{"href":"https:\/\/www.sylvie-monthule.com\/de\/wp-json\/wp\/v2\/product"}],"about":[{"href":"https:\/\/www.sylvie-monthule.com\/de\/wp-json\/wp\/v2\/types\/product"}],"wp:featuredmedia":[{"embeddable":true,"href":"https:\/\/www.sylvie-monthule.com\/de\/wp-json\/wp\/v2\/media\/64616"}],"wp:attachment":[{"href":"https:\/\/www.sylvie-monthule.com\/de\/wp-json\/wp\/v2\/media?parent=64779"}],"wp:term":[{"taxonomy":"product_brand","embeddable":true,"href":"https:\/\/www.sylvie-monthule.com\/de\/wp-json\/wp\/v2\/product_brand?post=64779"},{"taxonomy":"product_cat","embeddable":true,"href":"https:\/\/www.sylvie-monthule.com\/de\/wp-json\/wp\/v2\/product_cat?post=64779"},{"taxonomy":"product_tag","embeddable":true,"href":"https:\/\/www.sylvie-monthule.com\/de\/wp-json\/wp\/v2\/product_tag?post=64779"}],"curies":[{"name":"wp","href":"https:\/\/api.w.org\/{rel}","templated":true}]}}