{"id":64776,"date":"2018-11-13T09:41:53","date_gmt":"2018-11-16T09:15:33","guid":{"rendered":"https:\/\/www.sylvie-monthule.com\/?post_type=product&#038;p=64776\/"},"modified":"2025-02-17T08:47:04","modified_gmt":"2025-02-17T07:47:04","slug":"hamatit-perlen-string-heimliche-leidenschaft-gold","status":"publish","type":"product","link":"https:\/\/www.sylvie-monthule.com\/de\/juwel\/hamatit-perlen-string-heimliche-leidenschaft-gold\/","title":{"rendered":"H\u00e4matit-Perlen String Heimliche Leidenschaft Gold"},"content":{"rendered":"<p>Im Spiegel entdecken Sie ein Juwel aus Goldketten und H\u00e4matitperlen. Der Juwelen-String schm\u00fcckt Ihr Geschlecht mit K\u00fchnheit und Sinnlichkeit!\u00a0Die drapierten Ketten tanzen auf der Haut, die Perlen bewegen sich und tausend Streicheleinheiten spielen auf der Haut. Ihre Finger spielen mit der Perle auf Ihren intimen Geheimnissen&#8230; Ihr Liebhaber wird heute Abend von jedem Detail des Juwels gefangen genommen: der sinnliche Tanz der Ketten, die feinen Perlen und der kleine verliebte Mann auf der H\u00e4matitperle&#8230; Ein Juwel f\u00fcr sexy und elegante Frauen.<\/p>\n","protected":false},"excerpt":{"rendered":"<div>\n<p>Dank der elastischen Halterungen aus weicher Baumwolle,<br \/>\nkann der Schmuck-String perfekt platziert werden.<\/p>\n<p>Hohe Vergoldung 1 Mikron 16 Karat<br \/>\nund Finish 24 Karat.<br \/>\nFeine Kette. Mit H\u00e4matitperlen.<br \/>\nHypoallergen.<\/p>\n<\/div>\n","protected":false},"featured_media":64644,"template":"","meta":{"_acf_changed":false},"product_brand":[],"product_cat":[1683,1698],"product_tag":[],"class_list":{"0":"post-64776","1":"product","2":"type-product","3":"status-publish","4":"has-post-thumbnail","6":"product_cat-schmuck-fur-sie","7":"product_cat-schmuckstrings","8":"collection-intimes-rendezvous","9":"product_option-size-information-de","11":"first","12":"instock","13":"taxable","14":"shipping-taxable","15":"purchasable","16":"product-type-simple"},"acf":[],"_links":{"self":[{"href":"https:\/\/www.sylvie-monthule.com\/de\/wp-json\/wp\/v2\/product\/64776","targetHints":{"allow":["GET"]}}],"collection":[{"href":"https:\/\/www.sylvie-monthule.com\/de\/wp-json\/wp\/v2\/product"}],"about":[{"href":"https:\/\/www.sylvie-monthule.com\/de\/wp-json\/wp\/v2\/types\/product"}],"wp:featuredmedia":[{"embeddable":true,"href":"https:\/\/www.sylvie-monthule.com\/de\/wp-json\/wp\/v2\/media\/64644"}],"wp:attachment":[{"href":"https:\/\/www.sylvie-monthule.com\/de\/wp-json\/wp\/v2\/media?parent=64776"}],"wp:term":[{"taxonomy":"product_brand","embeddable":true,"href":"https:\/\/www.sylvie-monthule.com\/de\/wp-json\/wp\/v2\/product_brand?post=64776"},{"taxonomy":"product_cat","embeddable":true,"href":"https:\/\/www.sylvie-monthule.com\/de\/wp-json\/wp\/v2\/product_cat?post=64776"},{"taxonomy":"product_tag","embeddable":true,"href":"https:\/\/www.sylvie-monthule.com\/de\/wp-json\/wp\/v2\/product_tag?post=64776"}],"curies":[{"name":"wp","href":"https:\/\/api.w.org\/{rel}","templated":true}]}}