{"id":64773,"date":"2018-11-13T09:41:53","date_gmt":"2018-11-16T09:15:33","guid":{"rendered":"https:\/\/www.sylvie-monthule.com\/?post_type=product&#038;p=64773\/"},"modified":"2025-02-17T08:47:04","modified_gmt":"2025-02-17T07:47:04","slug":"hamatit-perlen-string-heimliche-leidenschaft-silber","status":"publish","type":"product","link":"https:\/\/www.sylvie-monthule.com\/de\/juwel\/hamatit-perlen-string-heimliche-leidenschaft-silber\/","title":{"rendered":"H\u00e4matit-Perlen String Heimliche Leidenschaft Silber"},"content":{"rendered":"<p>Im Spiegel entdecken Sie ein Juwel aus Silberketten und H\u00e4matitperlen. Der Juwelen-String schm\u00fcckt Ihr Geschlecht mit K\u00fchnheit und Sinnlichkeit! Die drapierten Ketten tanzen auf der Haut, die Perlen bewegen sich und tausend Streicheleinheiten spielen auf der Haut. Ihre Finger spielen mit der Perle auf Ihren intimen Geheimnissen\u2026 Ihr Liebhaber wird heute Abend von jedem Detail des Juwels gefangen genommen: der sinnliche Tanz der Ketten, die feinen Perlen und der kleine verliebte Mann auf der H\u00e4matitperle\u2026 Ein Juwel f\u00fcr sexy und elegante Frauen.<\/p>\n","protected":false},"excerpt":{"rendered":"<div>\n<div>\n<p>Dank der elastischen Halterungen aus weicher Baumwolle,<br \/>\nkann der Schmuck-String perfekt platziert werden.<\/p>\n<p>Silber 10 Mikrons.<br \/>\nFeine Kette. Mit H\u00e4matitperlen.<br \/>\nHypoallergen.<\/p>\n<\/div>\n<\/div>\n","protected":false},"featured_media":64668,"template":"","meta":{"_acf_changed":false},"product_brand":[],"product_cat":[1683,1698],"product_tag":[],"class_list":{"0":"post-64773","1":"product","2":"type-product","3":"status-publish","4":"has-post-thumbnail","6":"product_cat-schmuck-fur-sie","7":"product_cat-schmuckstrings","8":"collection-intimes-rendezvous","9":"product_option-size-information-de","11":"first","12":"instock","13":"taxable","14":"shipping-taxable","15":"purchasable","16":"product-type-simple"},"acf":[],"_links":{"self":[{"href":"https:\/\/www.sylvie-monthule.com\/de\/wp-json\/wp\/v2\/product\/64773","targetHints":{"allow":["GET"]}}],"collection":[{"href":"https:\/\/www.sylvie-monthule.com\/de\/wp-json\/wp\/v2\/product"}],"about":[{"href":"https:\/\/www.sylvie-monthule.com\/de\/wp-json\/wp\/v2\/types\/product"}],"wp:featuredmedia":[{"embeddable":true,"href":"https:\/\/www.sylvie-monthule.com\/de\/wp-json\/wp\/v2\/media\/64668"}],"wp:attachment":[{"href":"https:\/\/www.sylvie-monthule.com\/de\/wp-json\/wp\/v2\/media?parent=64773"}],"wp:term":[{"taxonomy":"product_brand","embeddable":true,"href":"https:\/\/www.sylvie-monthule.com\/de\/wp-json\/wp\/v2\/product_brand?post=64773"},{"taxonomy":"product_cat","embeddable":true,"href":"https:\/\/www.sylvie-monthule.com\/de\/wp-json\/wp\/v2\/product_cat?post=64773"},{"taxonomy":"product_tag","embeddable":true,"href":"https:\/\/www.sylvie-monthule.com\/de\/wp-json\/wp\/v2\/product_tag?post=64773"}],"curies":[{"name":"wp","href":"https:\/\/api.w.org\/{rel}","templated":true}]}}