{"id":64766,"date":"2018-11-13T09:41:54","date_gmt":"2018-11-16T09:15:31","guid":{"rendered":"https:\/\/www.sylvie-monthule.com\/?post_type=product&#038;p=64766\/"},"modified":"2025-02-27T14:26:28","modified_gmt":"2025-02-27T13:26:28","slug":"string-sein-geheimnis-silber","status":"publish","type":"product","link":"https:\/\/www.sylvie-monthule.com\/de\/juwel\/string-sein-geheimnis-silber\/","title":{"rendered":"String Sein Geheimnis Silber"},"content":{"rendered":"<p>\u00dcber Ihrem Geschlecht der Schein eines ovalen H\u00e4matitsteins! Ein Stein mit intensiven Reflexionen, imposant. Die ersten Ketten, die daraus austreten, verlaufen unter Ihrem Penis und erreichen eine volle, glatte H\u00e4matitkugel, die Sie auf Ihre Hoden klopfen f\u00fchlen. Die zweite Gruppe von Ketten, die auf jeder Seite Ihrer Hoden verl\u00e4uft, verbindet sich mit dem elastischen Band, das Ihr Ges\u00e4\u00df schm\u00fcckt\u2026 Ein sehr visuelles Stringjuwel mit seinem von Silber umgebenen H\u00e4matit-Cabochon und dem Pompon von Ketten wie eine kleine Peitsche unter der H\u00e4matitkugel. Ein geheimes Sex-Juwel aus Silber und H\u00e4matit.<\/p>\n","protected":false},"excerpt":{"rendered":"<div>\n<p>Dank der elastischen Halterungen aus<br \/>\nweicher Baumwolle, kann der Schmuck-String<br \/>\nperfekt platziert werden.<\/p>\n<p>Sexy schmuck mit\u00a0Silber 10 Mikrons<br \/>\nOvaler H\u00e4matit-Stein, H\u00e4matitkugel. Ketten.<br \/>\nHypoallergen.<\/p>\n<\/div>\n","protected":false},"featured_media":64712,"template":"","meta":{"_acf_changed":false},"product_brand":[],"product_cat":[1687,1701],"product_tag":[],"class_list":{"0":"post-64766","1":"product","2":"type-product","3":"status-publish","4":"has-post-thumbnail","6":"product_cat-schmuck-fur-ihn","7":"product_cat-g-string-schmuck","8":"collection-intimes-rendezvous","9":"product_option-size-information-de","11":"first","12":"instock","13":"taxable","14":"shipping-taxable","15":"purchasable","16":"product-type-simple"},"acf":[],"_links":{"self":[{"href":"https:\/\/www.sylvie-monthule.com\/de\/wp-json\/wp\/v2\/product\/64766","targetHints":{"allow":["GET"]}}],"collection":[{"href":"https:\/\/www.sylvie-monthule.com\/de\/wp-json\/wp\/v2\/product"}],"about":[{"href":"https:\/\/www.sylvie-monthule.com\/de\/wp-json\/wp\/v2\/types\/product"}],"wp:featuredmedia":[{"embeddable":true,"href":"https:\/\/www.sylvie-monthule.com\/de\/wp-json\/wp\/v2\/media\/64712"}],"wp:attachment":[{"href":"https:\/\/www.sylvie-monthule.com\/de\/wp-json\/wp\/v2\/media?parent=64766"}],"wp:term":[{"taxonomy":"product_brand","embeddable":true,"href":"https:\/\/www.sylvie-monthule.com\/de\/wp-json\/wp\/v2\/product_brand?post=64766"},{"taxonomy":"product_cat","embeddable":true,"href":"https:\/\/www.sylvie-monthule.com\/de\/wp-json\/wp\/v2\/product_cat?post=64766"},{"taxonomy":"product_tag","embeddable":true,"href":"https:\/\/www.sylvie-monthule.com\/de\/wp-json\/wp\/v2\/product_tag?post=64766"}],"curies":[{"name":"wp","href":"https:\/\/api.w.org\/{rel}","templated":true}]}}