{"id":62101,"date":"2008-11-22T00:00:00","date_gmt":"2008-11-21T23:00:00","guid":{"rendered":"https:\/\/www.sylvie-monthule.com\/jewel\/string-drape-pour-lui\/"},"modified":"2025-02-27T14:26:35","modified_gmt":"2025-02-27T13:26:35","slug":"g-string-fur-ihn-mit-kettenvorhang","status":"publish","type":"product","link":"https:\/\/www.sylvie-monthule.com\/de\/juwel\/g-string-fur-ihn-mit-kettenvorhang\/","title":{"rendered":"G-String f\u00fcr Ihn mit Kettenvorhang"},"content":{"rendered":"<p style=\"text-align: justify;\">Ein Vorhang aus Ketten bedeckt Ihren K\u00f6rper, direkt \u00fcber Ihrem Penis! Ein intimes Juwel f\u00fcr M\u00e4nner, hergestellt mit weichen, visuellen, breiten Ketten&#8230; Dieser String ist sehr bequem, und sein elastisches Taillenbandsystem erm\u00f6glicht einen perfekten Sitz des Schmuckst\u00fccks. Ihr K\u00f6rper, Ihr Geschlecht, sind in Gold gekleidet und frei von ihren Bewegungen und Emotionen!<\/p>\n","protected":false},"excerpt":{"rendered":"<div>\n<p>Dank der elastischen Halterungen aus<br \/>\nweicher Baumwolle, kann der Schmuck-String<br \/>\nperfekt platziert werden.<\/p>\n<p>Sexy schmuck mit drapierten Ketten<br \/>\nHohe Vergoldung 1 Mikron 16 Karat und<br \/>\nFinish 24 Karat<br \/>\nHypoallergen.<\/p>\n<\/div>\n","protected":false},"featured_media":12281,"template":"","meta":{"_acf_changed":false},"product_brand":[],"product_cat":[1687,1701],"product_tag":[],"class_list":{"0":"post-62101","1":"product","2":"type-product","3":"status-publish","4":"has-post-thumbnail","6":"product_cat-schmuck-fur-ihn","7":"product_cat-g-string-schmuck","8":"collection-alte-kollektionen","9":"product_option-size-information-de","11":"first","12":"instock","13":"taxable","14":"shipping-taxable","15":"purchasable","16":"product-type-simple"},"acf":[],"_links":{"self":[{"href":"https:\/\/www.sylvie-monthule.com\/de\/wp-json\/wp\/v2\/product\/62101","targetHints":{"allow":["GET"]}}],"collection":[{"href":"https:\/\/www.sylvie-monthule.com\/de\/wp-json\/wp\/v2\/product"}],"about":[{"href":"https:\/\/www.sylvie-monthule.com\/de\/wp-json\/wp\/v2\/types\/product"}],"wp:featuredmedia":[{"embeddable":true,"href":"https:\/\/www.sylvie-monthule.com\/de\/wp-json\/wp\/v2\/media\/12281"}],"wp:attachment":[{"href":"https:\/\/www.sylvie-monthule.com\/de\/wp-json\/wp\/v2\/media?parent=62101"}],"wp:term":[{"taxonomy":"product_brand","embeddable":true,"href":"https:\/\/www.sylvie-monthule.com\/de\/wp-json\/wp\/v2\/product_brand?post=62101"},{"taxonomy":"product_cat","embeddable":true,"href":"https:\/\/www.sylvie-monthule.com\/de\/wp-json\/wp\/v2\/product_cat?post=62101"},{"taxonomy":"product_tag","embeddable":true,"href":"https:\/\/www.sylvie-monthule.com\/de\/wp-json\/wp\/v2\/product_tag?post=62101"}],"curies":[{"name":"wp","href":"https:\/\/api.w.org\/{rel}","templated":true}]}}