{"id":61964,"date":"2008-11-25T00:00:00","date_gmt":"2008-11-24T23:00:00","guid":{"rendered":"https:\/\/www.sylvie-monthule.com\/jewel\/le-bijou-clitoris-goutte\/"},"modified":"2025-02-17T08:47:10","modified_gmt":"2025-02-17T07:47:10","slug":"klitoris-tropfenjuwel-gold-kristall","status":"publish","type":"product","link":"https:\/\/www.sylvie-monthule.com\/de\/juwel\/klitoris-tropfenjuwel-gold-kristall\/","title":{"rendered":"Klitoris-Tropfenjuwel Gold Kristall"},"content":{"rendered":"<p style=\"text-align: justify;\">Ein Juwel, das die Klitoris stimulieren und erregen soll! Das Klitoris-Juwel tropft vor Freude um die Klitoris herum. Die Klitoris wird gefangen genommen und erhebt sich, wird erregt&#8230; Der sinnliche Tropfen kommt, um die Klitoris mit Gier zu streicheln und Ihre Finger gleiten durch die \u00d6ffnung im Schmuckst\u00fcck und ber\u00fchren Ihren Schatz. Ein Sex-Juwel von Sylvie Monthul\u00e9, sehr bequem und sch\u00f6n!<\/p>\n<p>&nbsp;<\/p>\n<p>&nbsp;<\/p>\n","protected":false},"excerpt":{"rendered":"<p>Klitoris-Juwel. Sehr komfortabel.<br \/>\nf\u00fcr alle Intimmorphologien<\/p>\n<p>Gold 3 Mikrons auf Metall mit facettierten Kristallen,<br \/>\nElastische Baumwolle.<br \/>\nVon Hand waschbar.<br \/>\nHypoallergen<\/p>\n","protected":false},"featured_media":12954,"template":"","meta":{"_acf_changed":false},"product_brand":[],"product_cat":[1683,1689],"product_tag":[],"class_list":{"0":"post-61964","1":"product","2":"type-product","3":"status-publish","4":"has-post-thumbnail","6":"product_cat-schmuck-fur-sie","7":"product_cat-klitoris-schmuck","8":"collection-30-jahre-erotik","9":"collection-alte-kollektionen","10":"product_option-size-information-de","12":"first","13":"instock","14":"taxable","15":"shipping-taxable","16":"purchasable","17":"product-type-simple"},"acf":[],"_links":{"self":[{"href":"https:\/\/www.sylvie-monthule.com\/de\/wp-json\/wp\/v2\/product\/61964","targetHints":{"allow":["GET"]}}],"collection":[{"href":"https:\/\/www.sylvie-monthule.com\/de\/wp-json\/wp\/v2\/product"}],"about":[{"href":"https:\/\/www.sylvie-monthule.com\/de\/wp-json\/wp\/v2\/types\/product"}],"wp:featuredmedia":[{"embeddable":true,"href":"https:\/\/www.sylvie-monthule.com\/de\/wp-json\/wp\/v2\/media\/12954"}],"wp:attachment":[{"href":"https:\/\/www.sylvie-monthule.com\/de\/wp-json\/wp\/v2\/media?parent=61964"}],"wp:term":[{"taxonomy":"product_brand","embeddable":true,"href":"https:\/\/www.sylvie-monthule.com\/de\/wp-json\/wp\/v2\/product_brand?post=61964"},{"taxonomy":"product_cat","embeddable":true,"href":"https:\/\/www.sylvie-monthule.com\/de\/wp-json\/wp\/v2\/product_cat?post=61964"},{"taxonomy":"product_tag","embeddable":true,"href":"https:\/\/www.sylvie-monthule.com\/de\/wp-json\/wp\/v2\/product_tag?post=61964"}],"curies":[{"name":"wp","href":"https:\/\/api.w.org\/{rel}","templated":true}]}}