{"id":61957,"date":"2008-11-25T00:00:00","date_gmt":"2008-11-24T23:00:00","guid":{"rendered":"https:\/\/www.sylvie-monthule.com\/jewel\/string-gouttes-penetrantes\/"},"modified":"2025-02-17T08:47:07","modified_gmt":"2025-02-17T07:47:07","slug":"schmuck-string-sexy-perlen","status":"publish","type":"product","link":"https:\/\/www.sylvie-monthule.com\/de\/juwel\/schmuck-string-sexy-perlen\/","title":{"rendered":"Schmuck-String Sexy Perlen"},"content":{"rendered":"<p style=\"text-align: justify;\">4 sinnliche Perlen, 4 sexy Tropfen, gleiten an Ihrem Geschlecht entlang. Der &#8222;penetrierende Tropfen&#8220; G-String ist ein gewagtes Juwel, das die Sinne fesselt: die erste Perle wird auf die Spitze Ihrer Genitalien gelegt, die zweite Perle spielt mit Ihrer Klitoris, die dritte und vierte Perle dringt zart in Ihre Genitalien ein&#8230;. Die Tropfen streicheln Ihre ganze Intimit\u00e4t, und die Lust steigt, subtil und intensiv! Ihre Finger streicheln die H\u00e4matit-Anh\u00e4nger und spielen, um die Perlen einzuf\u00fchren!<\/p>\n<p>&nbsp;<\/p>\n","protected":false},"excerpt":{"rendered":"<p>W\u00e4hlen Sie Ihren Juwelen-G-String,<br \/>\nmit Ihrer \u00fcblichen W\u00e4schegr\u00f6\u00dfe.<br \/>\nDank der elastischen Halterungen aus weicher Baumwolle,<br \/>\nkann der Schmuck-String perfekt platziert werden.<\/p>\n<p>Feine Ketten und H\u00e4matitperlen.<br \/>\nHohe Vergoldung 1 Mikron<br \/>\n16 Karat und Finish 24 Karat<br \/>\nHypoallergen.<\/p>\n","protected":false},"featured_media":12510,"template":"","meta":{"_acf_changed":false},"product_brand":[],"product_cat":[1683,1698],"product_tag":[],"class_list":{"0":"post-61957","1":"product","2":"type-product","3":"status-publish","4":"has-post-thumbnail","6":"product_cat-schmuck-fur-sie","7":"product_cat-schmuckstrings","8":"collection-alte-kollektionen","9":"product_option-size-information-de","11":"first","12":"instock","13":"taxable","14":"shipping-taxable","15":"purchasable","16":"product-type-simple"},"acf":[],"_links":{"self":[{"href":"https:\/\/www.sylvie-monthule.com\/de\/wp-json\/wp\/v2\/product\/61957","targetHints":{"allow":["GET"]}}],"collection":[{"href":"https:\/\/www.sylvie-monthule.com\/de\/wp-json\/wp\/v2\/product"}],"about":[{"href":"https:\/\/www.sylvie-monthule.com\/de\/wp-json\/wp\/v2\/types\/product"}],"wp:featuredmedia":[{"embeddable":true,"href":"https:\/\/www.sylvie-monthule.com\/de\/wp-json\/wp\/v2\/media\/12510"}],"wp:attachment":[{"href":"https:\/\/www.sylvie-monthule.com\/de\/wp-json\/wp\/v2\/media?parent=61957"}],"wp:term":[{"taxonomy":"product_brand","embeddable":true,"href":"https:\/\/www.sylvie-monthule.com\/de\/wp-json\/wp\/v2\/product_brand?post=61957"},{"taxonomy":"product_cat","embeddable":true,"href":"https:\/\/www.sylvie-monthule.com\/de\/wp-json\/wp\/v2\/product_cat?post=61957"},{"taxonomy":"product_tag","embeddable":true,"href":"https:\/\/www.sylvie-monthule.com\/de\/wp-json\/wp\/v2\/product_tag?post=61957"}],"curies":[{"name":"wp","href":"https:\/\/api.w.org\/{rel}","templated":true}]}}