{"id":61824,"date":"2008-11-27T00:00:00","date_gmt":"2008-11-26T23:00:00","guid":{"rendered":"https:\/\/www.sylvie-monthule.com\/jewel\/ecrins-seins-col-argent-1-perle-la-paire\/"},"modified":"2025-02-17T08:47:35","modified_gmt":"2025-02-17T07:47:35","slug":"ecrins-seins-col-argent-1-perle-la-paire","status":"publish","type":"product","link":"https:\/\/www.sylvie-monthule.com\/de\/juwel\/ecrins-seins-col-argent-1-perle-la-paire\/","title":{"rendered":"Brustschmuck &#8222;Arabesken&#8220; Silber"},"content":{"rendered":"<p style=\"text-align: justify;\">Ein intimes silbernes Juwel, das Ihre Br\u00fcste anbetet. Eine Liebe zum Schmuck, um Ihre Br\u00fcste zu verehren\u2026 Sch\u00f6nheit von Blumen und Blumenkr\u00e4nzen, um Ihre Brustwarzen so z\u00e4rtlich zu umarmen. Der kleine H\u00e4matit-Tropfen tanzt auf der Haut und umschmeichelt Ihre Br\u00fcste mit \u00dcppigkeit!<\/p>\n","protected":false},"excerpt":{"rendered":"<div>\n<div>\n<p>Schmuck mit \u201eBrustbefestigung\u201c,<br \/>\ngleitend und ohne Piercing, die an alle<br \/>\nBrustwarzengr\u00f6\u00dfen angepasst werden kann.<\/p>\n<p>Arabesken und H\u00e4matitperlen.<br \/>\nSilber 10 Mikron auf Metall.<br \/>\nHypoallergen.<\/p>\n<\/div>\n<\/div>\n","protected":false},"featured_media":13463,"template":"","meta":{"_acf_changed":false},"product_brand":[],"product_cat":[1683,1692],"product_tag":[],"class_list":{"0":"post-61824","1":"product","2":"type-product","3":"status-publish","4":"has-post-thumbnail","6":"product_cat-schmuck-fur-sie","7":"product_cat-brustschmuck-ohne-piercing","8":"collection-schmuck-ausserhalb-der-sammlung","9":"product_option-sold-in-pairs-de","11":"first","12":"instock","13":"taxable","14":"shipping-taxable","15":"purchasable","16":"product-type-simple"},"acf":[],"_links":{"self":[{"href":"https:\/\/www.sylvie-monthule.com\/de\/wp-json\/wp\/v2\/product\/61824","targetHints":{"allow":["GET"]}}],"collection":[{"href":"https:\/\/www.sylvie-monthule.com\/de\/wp-json\/wp\/v2\/product"}],"about":[{"href":"https:\/\/www.sylvie-monthule.com\/de\/wp-json\/wp\/v2\/types\/product"}],"wp:featuredmedia":[{"embeddable":true,"href":"https:\/\/www.sylvie-monthule.com\/de\/wp-json\/wp\/v2\/media\/13463"}],"wp:attachment":[{"href":"https:\/\/www.sylvie-monthule.com\/de\/wp-json\/wp\/v2\/media?parent=61824"}],"wp:term":[{"taxonomy":"product_brand","embeddable":true,"href":"https:\/\/www.sylvie-monthule.com\/de\/wp-json\/wp\/v2\/product_brand?post=61824"},{"taxonomy":"product_cat","embeddable":true,"href":"https:\/\/www.sylvie-monthule.com\/de\/wp-json\/wp\/v2\/product_cat?post=61824"},{"taxonomy":"product_tag","embeddable":true,"href":"https:\/\/www.sylvie-monthule.com\/de\/wp-json\/wp\/v2\/product_tag?post=61824"}],"curies":[{"name":"wp","href":"https:\/\/api.w.org\/{rel}","templated":true}]}}