{"id":61493,"date":"2008-12-08T00:00:00","date_gmt":"2008-12-07T23:00:00","guid":{"rendered":"https:\/\/www.sylvie-monthule.com\/jewel\/le-bijou-clit-ose\/"},"modified":"2025-02-17T08:47:09","modified_gmt":"2025-02-17T07:47:09","slug":"klitoris-schmuck-gold","status":"publish","type":"product","link":"https:\/\/www.sylvie-monthule.com\/de\/juwel\/klitoris-schmuck-gold\/","title":{"rendered":"Klitoris Schmuck Gold"},"content":{"rendered":"<p style=\"text-align: justify;\">Einer der ersten Klitoris-Juwelen von Sylvie Monthul\u00e9! Eine Freude! Konisch und glatt, tief genug, ist er perfekt f\u00fcr alle intimen Morphologien. Das Klitoris-Juwel spreizt die Lippen auseinander und umh\u00fcllt die Klitoris liebevoll. Ihre Klitoris erhebt sich nat\u00fcrlich, umgeben von Gold und Kristall. Laden Sie Ihre Finger in die sch\u00f6ne \u00d6ffnung des Juwels ein, um das Objekt Ihrer Begierde zu streicheln und dem Zauber der Lust zu erliegen! Ein Juwel, das Ihr Partner entdecken kann<\/p>\n","protected":false},"excerpt":{"rendered":"<div>\n<p>Klitoris-Juwel. Sehr komfortabel.<br \/>\nf\u00fcr alle Intimmorphologien<\/p>\n<p>Gold 3 Mikrons auf Metall mit facettierten Kristallen,<br \/>\nElastische Baumwolle.<br \/>\nVon Hand waschbar.<br \/>\nHypoallergen<\/p>\n<\/div>\n","protected":false},"featured_media":12959,"template":"","meta":{"_acf_changed":false},"product_brand":[],"product_cat":[1683,1689],"product_tag":[],"class_list":{"0":"post-61493","1":"product","2":"type-product","3":"status-publish","4":"has-post-thumbnail","6":"product_cat-schmuck-fur-sie","7":"product_cat-klitoris-schmuck","8":"collection-alte-kollektionen","9":"collection-ein-intimer-diamant-fur-dich","10":"product_option-size-information-de","12":"first","13":"instock","14":"taxable","15":"shipping-taxable","16":"purchasable","17":"product-type-simple"},"acf":[],"_links":{"self":[{"href":"https:\/\/www.sylvie-monthule.com\/de\/wp-json\/wp\/v2\/product\/61493","targetHints":{"allow":["GET"]}}],"collection":[{"href":"https:\/\/www.sylvie-monthule.com\/de\/wp-json\/wp\/v2\/product"}],"about":[{"href":"https:\/\/www.sylvie-monthule.com\/de\/wp-json\/wp\/v2\/types\/product"}],"wp:featuredmedia":[{"embeddable":true,"href":"https:\/\/www.sylvie-monthule.com\/de\/wp-json\/wp\/v2\/media\/12959"}],"wp:attachment":[{"href":"https:\/\/www.sylvie-monthule.com\/de\/wp-json\/wp\/v2\/media?parent=61493"}],"wp:term":[{"taxonomy":"product_brand","embeddable":true,"href":"https:\/\/www.sylvie-monthule.com\/de\/wp-json\/wp\/v2\/product_brand?post=61493"},{"taxonomy":"product_cat","embeddable":true,"href":"https:\/\/www.sylvie-monthule.com\/de\/wp-json\/wp\/v2\/product_cat?post=61493"},{"taxonomy":"product_tag","embeddable":true,"href":"https:\/\/www.sylvie-monthule.com\/de\/wp-json\/wp\/v2\/product_tag?post=61493"}],"curies":[{"name":"wp","href":"https:\/\/api.w.org\/{rel}","templated":true}]}}