{"id":61401,"date":"2008-12-12T00:00:00","date_gmt":"2008-12-11T23:00:00","guid":{"rendered":"https:\/\/www.sylvie-monthule.com\/jewel\/ecrins-seins-col-or-1-perle\/"},"modified":"2025-02-17T08:47:33","modified_gmt":"2025-02-17T07:47:33","slug":"ecrins-seins-col-or-1-perle","status":"publish","type":"product","link":"https:\/\/www.sylvie-monthule.com\/de\/juwel\/ecrins-seins-col-or-1-perle\/","title":{"rendered":"Brustschmuck &#8222;Arabesken&#8220; Gold"},"content":{"rendered":"<p style=\"text-align: justify;\">Eine Liebe zum Schmuck, um Ihre Br\u00fcste zu verehren&#8230; Sch\u00f6nheit von Blumen und Blumenkr\u00e4nzen, um Ihre Brustwarzen so z\u00e4rtlich zu umarmen. Der kleine H\u00e4matit-Tropfen tanzt auf der Haut und umschmeichelt Ihre Br\u00fcste mit \u00dcppigkeit!<\/p>\n","protected":false},"excerpt":{"rendered":"<div>\n<p>Schmuck mit \u201eBrustbefestigung\u201c,<br \/>\ngleitend und ohne Piercing, die an alle<br \/>\nBrustwarzengr\u00f6\u00dfen angepasst werden kann.<\/p>\n<p>Arabesken und H\u00e4matitperlen.<br \/>\nHochwertig vergoldet<br \/>\n1 Mikron 16 Karat und Finish 24 Karat<br \/>\nauf Metall.<br \/>\nHypoallergen.<\/p>\n<\/div>\n","protected":false},"featured_media":13466,"template":"","meta":{"_acf_changed":false},"product_brand":[],"product_cat":[1683,1692],"product_tag":[],"class_list":{"0":"post-61401","1":"product","2":"type-product","3":"status-publish","4":"has-post-thumbnail","6":"product_cat-schmuck-fur-sie","7":"product_cat-brustschmuck-ohne-piercing","8":"collection-schmuck-ausserhalb-der-sammlung","9":"product_option-sold-in-pairs-de","11":"first","12":"instock","13":"taxable","14":"shipping-taxable","15":"purchasable","16":"product-type-simple"},"acf":[],"_links":{"self":[{"href":"https:\/\/www.sylvie-monthule.com\/de\/wp-json\/wp\/v2\/product\/61401","targetHints":{"allow":["GET"]}}],"collection":[{"href":"https:\/\/www.sylvie-monthule.com\/de\/wp-json\/wp\/v2\/product"}],"about":[{"href":"https:\/\/www.sylvie-monthule.com\/de\/wp-json\/wp\/v2\/types\/product"}],"wp:featuredmedia":[{"embeddable":true,"href":"https:\/\/www.sylvie-monthule.com\/de\/wp-json\/wp\/v2\/media\/13466"}],"wp:attachment":[{"href":"https:\/\/www.sylvie-monthule.com\/de\/wp-json\/wp\/v2\/media?parent=61401"}],"wp:term":[{"taxonomy":"product_brand","embeddable":true,"href":"https:\/\/www.sylvie-monthule.com\/de\/wp-json\/wp\/v2\/product_brand?post=61401"},{"taxonomy":"product_cat","embeddable":true,"href":"https:\/\/www.sylvie-monthule.com\/de\/wp-json\/wp\/v2\/product_cat?post=61401"},{"taxonomy":"product_tag","embeddable":true,"href":"https:\/\/www.sylvie-monthule.com\/de\/wp-json\/wp\/v2\/product_tag?post=61401"}],"curies":[{"name":"wp","href":"https:\/\/api.w.org\/{rel}","templated":true}]}}