{"id":61241,"date":"2008-12-27T00:00:00","date_gmt":"2008-12-26T23:00:00","guid":{"rendered":"https:\/\/www.sylvie-monthule.com\/jewel\/gouttes-seins-hematite\/"},"modified":"2025-02-17T08:47:33","modified_gmt":"2025-02-17T07:47:33","slug":"gouttes-seins-hematite","status":"publish","type":"product","link":"https:\/\/www.sylvie-monthule.com\/de\/juwel\/gouttes-seins-hematite\/","title":{"rendered":"Gouttes Seins H\u00e9matite"},"content":{"rendered":"<p>2 Gouttes H\u00e9matite serties d&#8217;Or enlacent les T\u00e9tons avec Insolence&#8230; Leurs Fr\u00f4lements vous transportent, leurs balancements sont si Doux ! Vous porterez ces Gouttes de Seins seules ou en Harmonie avec le Bijou Jarreti\u00e8re H\u00e9matite, la Cha\u00eene Taille H\u00e9matite, les Anneaux Intimes H\u00e9matite, selon votre caprice et vos D\u00e9sirs. Vous les porterez comme un signal et un appel \u00e0 d\u00e9couvrir d&#8217;autres Bijoux sur votre Corps. Insolence mutine des Jeux de D\u00e9couverte !<\/p>\n","protected":false},"excerpt":{"rendered":"<p>Mati\u00e8re :  Pendentif perle h\u00e9matite sertie. Bijou avec traitement haute dorure 1 micron 16 carats et finition 24 carats sur m\u00e9tal. Sans nickel. Lavable main. Hypoallerg\u00e9nique.<br \/>\n Couleur :  Or et H\u00e9matite<br \/>\n Conception :  Sylvie Monthul\u00e9<\/p>\n","protected":false},"featured_media":13509,"template":"","meta":{"_acf_changed":false},"product_brand":[],"product_cat":[1683,1692],"product_tag":[],"class_list":{"0":"post-61241","1":"product","2":"type-product","3":"status-publish","4":"has-post-thumbnail","6":"product_cat-schmuck-fur-sie","7":"product_cat-brustschmuck-ohne-piercing","8":"collection-alte-kollektionen","10":"first","11":"instock","12":"taxable","13":"shipping-taxable","14":"purchasable","15":"product-type-simple"},"acf":[],"_links":{"self":[{"href":"https:\/\/www.sylvie-monthule.com\/de\/wp-json\/wp\/v2\/product\/61241","targetHints":{"allow":["GET"]}}],"collection":[{"href":"https:\/\/www.sylvie-monthule.com\/de\/wp-json\/wp\/v2\/product"}],"about":[{"href":"https:\/\/www.sylvie-monthule.com\/de\/wp-json\/wp\/v2\/types\/product"}],"wp:featuredmedia":[{"embeddable":true,"href":"https:\/\/www.sylvie-monthule.com\/de\/wp-json\/wp\/v2\/media\/13509"}],"wp:attachment":[{"href":"https:\/\/www.sylvie-monthule.com\/de\/wp-json\/wp\/v2\/media?parent=61241"}],"wp:term":[{"taxonomy":"product_brand","embeddable":true,"href":"https:\/\/www.sylvie-monthule.com\/de\/wp-json\/wp\/v2\/product_brand?post=61241"},{"taxonomy":"product_cat","embeddable":true,"href":"https:\/\/www.sylvie-monthule.com\/de\/wp-json\/wp\/v2\/product_cat?post=61241"},{"taxonomy":"product_tag","embeddable":true,"href":"https:\/\/www.sylvie-monthule.com\/de\/wp-json\/wp\/v2\/product_tag?post=61241"}],"curies":[{"name":"wp","href":"https:\/\/api.w.org\/{rel}","templated":true}]}}