{"id":61219,"date":"2008-12-29T00:00:00","date_gmt":"2008-12-28T23:00:00","guid":{"rendered":"https:\/\/www.sylvie-monthule.com\/jewel\/boule-elle-et-lui\/"},"modified":"2025-02-27T14:26:35","modified_gmt":"2025-02-27T13:26:35","slug":"analkugel-fur-ihn","status":"publish","type":"product","link":"https:\/\/www.sylvie-monthule.com\/de\/juwel\/analkugel-fur-ihn\/","title":{"rendered":"Analkugel f\u00fcr Ihn"},"content":{"rendered":"<p>Eine Analkugel mit leuchtenden Farben! Ein intimes Juwel, um mit Raffinesse Freuden und Vergn\u00fcgen zu entdecken. Sie werden seine Farbe w\u00e4hlen; blau oder violett &#8230; Ein perfektes sexuelles Juwel f\u00fcr intensive Stimulation&#8230;<\/p>\n","protected":false},"excerpt":{"rendered":"<p>Anal-Schmuck.\u00a0Harzkugel<br \/>\nFarbe ;\u00a0 blau oder violett<br \/>\nDurchmesser: 34 mm.<\/p>\n<p>Anh\u00e4nger mit geschwei\u00dften Ketten,<br \/>\nSehr hohe Vergoldung<br \/>\n1 Mikron 16 Karat und 24 Karat Finish auf Metall.<br \/>\nIn Seifenwasser waschbar.<br \/>\nHypoallergen.<\/p>\n","protected":false},"featured_media":13362,"template":"","meta":{"_acf_changed":false},"product_brand":[],"product_cat":[1687,1700],"product_tag":[],"class_list":{"0":"post-61219","1":"product","2":"type-product","3":"status-publish","4":"has-post-thumbnail","6":"product_cat-schmuck-fur-ihn","7":"product_cat-anal-schmuck","8":"collection-30-jahre-erotik","9":"collection-schmuck-ausserhalb-der-sammlung","10":"product_option-maintenance-tips-de","12":"first","13":"instock","14":"featured","15":"taxable","16":"shipping-taxable","17":"purchasable","18":"product-type-simple"},"acf":[],"_links":{"self":[{"href":"https:\/\/www.sylvie-monthule.com\/de\/wp-json\/wp\/v2\/product\/61219","targetHints":{"allow":["GET"]}}],"collection":[{"href":"https:\/\/www.sylvie-monthule.com\/de\/wp-json\/wp\/v2\/product"}],"about":[{"href":"https:\/\/www.sylvie-monthule.com\/de\/wp-json\/wp\/v2\/types\/product"}],"wp:featuredmedia":[{"embeddable":true,"href":"https:\/\/www.sylvie-monthule.com\/de\/wp-json\/wp\/v2\/media\/13362"}],"wp:attachment":[{"href":"https:\/\/www.sylvie-monthule.com\/de\/wp-json\/wp\/v2\/media?parent=61219"}],"wp:term":[{"taxonomy":"product_brand","embeddable":true,"href":"https:\/\/www.sylvie-monthule.com\/de\/wp-json\/wp\/v2\/product_brand?post=61219"},{"taxonomy":"product_cat","embeddable":true,"href":"https:\/\/www.sylvie-monthule.com\/de\/wp-json\/wp\/v2\/product_cat?post=61219"},{"taxonomy":"product_tag","embeddable":true,"href":"https:\/\/www.sylvie-monthule.com\/de\/wp-json\/wp\/v2\/product_tag?post=61219"}],"curies":[{"name":"wp","href":"https:\/\/api.w.org\/{rel}","templated":true}]}}