{"id":61010,"date":"2009-02-08T00:00:00","date_gmt":"2009-02-07T23:00:00","guid":{"rendered":"https:\/\/www.sylvie-monthule.com\/jewel\/clips-roses\/"},"modified":"2025-02-17T08:47:36","modified_gmt":"2025-02-17T07:47:36","slug":"clips-roses","status":"publish","type":"product","link":"https:\/\/www.sylvie-monthule.com\/de\/juwel\/clips-roses\/","title":{"rendered":"Clips Roses"},"content":{"rendered":"<p>Secrets Intimes en Rose&#8230; 2 Petits Cristaux en Zyrconium&#8230; Cristaux roses aux mille \u00e9clats \u00e0 pincer sur les petites ou les grandes l\u00e8vres&#8230; Insoup\u00e7onnables, ces ravissants Bijoux Intimes sont destin\u00e9s \u00e0 toutes celles qui veulent donner et se donner la parfaite illusion du piercing.<\/p>\n","protected":false},"excerpt":{"rendered":"<p>Mati\u00e9re :  Cristaux Zyrconium purs \u00e0 facettes. Bijou plaqu\u00e9 or 3 microns 16 carats et finition 24 carats sur m\u00e9tal. Sans nickel. Lavable main. Hypoallerg\u00e9niques.<br \/>\n Couleur :  Or et Cristal rose<br \/>\n Conception :  Sylvie Monthul\u00e9<\/p>\n","protected":false},"featured_media":12621,"template":"","meta":{"_acf_changed":false},"product_brand":[],"product_cat":[1683,1693],"product_tag":[],"class_list":{"0":"post-61010","1":"product","2":"type-product","3":"status-publish","4":"has-post-thumbnail","6":"product_cat-schmuck-fur-sie","7":"product_cat-labienschmuck-ohne-piercing","8":"collection-schmuck-ausserhalb-der-sammlung","10":"first","11":"instock","12":"taxable","13":"shipping-taxable","14":"purchasable","15":"product-type-simple"},"acf":[],"_links":{"self":[{"href":"https:\/\/www.sylvie-monthule.com\/de\/wp-json\/wp\/v2\/product\/61010","targetHints":{"allow":["GET"]}}],"collection":[{"href":"https:\/\/www.sylvie-monthule.com\/de\/wp-json\/wp\/v2\/product"}],"about":[{"href":"https:\/\/www.sylvie-monthule.com\/de\/wp-json\/wp\/v2\/types\/product"}],"wp:featuredmedia":[{"embeddable":true,"href":"https:\/\/www.sylvie-monthule.com\/de\/wp-json\/wp\/v2\/media\/12621"}],"wp:attachment":[{"href":"https:\/\/www.sylvie-monthule.com\/de\/wp-json\/wp\/v2\/media?parent=61010"}],"wp:term":[{"taxonomy":"product_brand","embeddable":true,"href":"https:\/\/www.sylvie-monthule.com\/de\/wp-json\/wp\/v2\/product_brand?post=61010"},{"taxonomy":"product_cat","embeddable":true,"href":"https:\/\/www.sylvie-monthule.com\/de\/wp-json\/wp\/v2\/product_cat?post=61010"},{"taxonomy":"product_tag","embeddable":true,"href":"https:\/\/www.sylvie-monthule.com\/de\/wp-json\/wp\/v2\/product_tag?post=61010"}],"curies":[{"name":"wp","href":"https:\/\/api.w.org\/{rel}","templated":true}]}}