{"id":60391,"date":"2009-11-26T00:00:00","date_gmt":"2009-11-25T23:00:00","guid":{"rendered":"https:\/\/www.sylvie-monthule.com\/jewel\/nectar-de-jouissance-or\/"},"modified":"2025-02-17T08:46:54","modified_gmt":"2025-02-17T07:46:54","slug":"klitorisschmuck-nektar-der-lust-gold","status":"publish","type":"product","link":"https:\/\/www.sylvie-monthule.com\/de\/juwel\/klitorisschmuck-nektar-der-lust-gold\/","title":{"rendered":"Klitorisschmuck &#8222;Nektar der Lust&#8220; Gold"},"content":{"rendered":"<p style=\"text-align: justify;\">Unendliche Ekstase f\u00fcr Ihre Klitoris und Ihr Geschlecht. Eine g\u00f6ttliche Form, die alle Freuden zum Klopfen bringt&#8230; Das Juwel, das auf Ihre Klitoris gelegt wird, \u00fcbt einen k\u00f6stlichen Druck aus. Ihre Klitoris kann den Liebkosungen des runden Tropfens, der unter dem Juwel liegt, nicht widerstehen. Erregung. Vergn\u00fcgen, das steigt&#8230; Die Form am Ende, st\u00f6rt die Lust in Ihnen, heiratet die Kurven Ihres K\u00f6rpers; Ihr Geschlecht kentert unter den weichen und hei\u00dfen Massagen des langen gefangenen Tropfens&#8230; Saphirblau oder Intensivschwarz&#8230; Jeder Schritt, jede Bewegung ist eine Apotheose des Vergn\u00fcgens!<\/p>\n","protected":false},"excerpt":{"rendered":"<div>\n<div>\n<p>Klitoris-Juwel und penetrierender Schmuck<br \/>\nblauer Tropfen in hypoallergenem Harz.<br \/>\nL\u00e4nge der Juwelen: 11 cm<br \/>\nTropfendurchmesser am Ende: 24 mm<br \/>\nSehr komfortabel.<br \/>\nf\u00fcr alle Intimmorphologien<\/p>\n<p>Gold 3 Mikrons auf Metall ,<br \/>\nElastische Baumwolle.<br \/>\nVon Hand waschbar.<br \/>\nHypoallergen<\/p>\n<\/div>\n<\/div>\n","protected":false},"featured_media":13837,"template":"","meta":{"_acf_changed":false},"product_brand":[],"product_cat":[1683,1689,1695],"product_tag":[],"class_list":{"0":"post-60391","1":"product","2":"type-product","3":"status-publish","4":"has-post-thumbnail","6":"product_cat-schmuck-fur-sie","7":"product_cat-klitoris-schmuck","8":"product_cat-stimulierender-und-penetrierender-schmuck","9":"collection-30-jahre-erotik","10":"collection-schmuck-ausserhalb-der-sammlung","11":"product_option-size-information-de","13":"first","14":"instock","15":"taxable","16":"shipping-taxable","17":"purchasable","18":"product-type-simple"},"acf":[],"_links":{"self":[{"href":"https:\/\/www.sylvie-monthule.com\/de\/wp-json\/wp\/v2\/product\/60391","targetHints":{"allow":["GET"]}}],"collection":[{"href":"https:\/\/www.sylvie-monthule.com\/de\/wp-json\/wp\/v2\/product"}],"about":[{"href":"https:\/\/www.sylvie-monthule.com\/de\/wp-json\/wp\/v2\/types\/product"}],"wp:featuredmedia":[{"embeddable":true,"href":"https:\/\/www.sylvie-monthule.com\/de\/wp-json\/wp\/v2\/media\/13837"}],"wp:attachment":[{"href":"https:\/\/www.sylvie-monthule.com\/de\/wp-json\/wp\/v2\/media?parent=60391"}],"wp:term":[{"taxonomy":"product_brand","embeddable":true,"href":"https:\/\/www.sylvie-monthule.com\/de\/wp-json\/wp\/v2\/product_brand?post=60391"},{"taxonomy":"product_cat","embeddable":true,"href":"https:\/\/www.sylvie-monthule.com\/de\/wp-json\/wp\/v2\/product_cat?post=60391"},{"taxonomy":"product_tag","embeddable":true,"href":"https:\/\/www.sylvie-monthule.com\/de\/wp-json\/wp\/v2\/product_tag?post=60391"}],"curies":[{"name":"wp","href":"https:\/\/api.w.org\/{rel}","templated":true}]}}