{"id":60060,"date":"2010-06-13T00:00:00","date_gmt":"2010-06-12T23:00:00","guid":{"rendered":"https:\/\/www.sylvie-monthule.com\/jewel\/alliances-or-3-joncs-glands-et-verges\/"},"modified":"2025-02-27T14:26:33","modified_gmt":"2025-02-27T13:26:33","slug":"alliances-or-3-joncs-glands-et-verges","status":"publish","type":"product","link":"https:\/\/www.sylvie-monthule.com\/de\/juwel\/alliances-or-3-joncs-glands-et-verges\/","title":{"rendered":"Alliances Or 3 joncs glands et verges"},"content":{"rendered":"<p>&#8222;Des Alliances Or 3 joncs pour Glands ou Verges&#8230;. Elles viendront parer votre sexe avec confort et puissance. Ces Anneaux bomb\u00e9s, lisses, enlacent votre p\u00e9nis \u00e0 la perfection. Selon votre pr\u00e9ference, et selon la taille que vous aurez choisi, le bijou sera Alliance Gland ou Alliance Verge. Il glissera derriere la couronne de votre Gland avec aisance ou se positionnera \u00e0 la base de votre Verge ! A porter au quotidien ou pour des moments plus intimes&#8230;<\/p>\n","protected":false},"excerpt":{"rendered":"<p>Comment choisir votre diam\u00e8tre ?<br \/>\nSi vous souhaitez porter l\u2019alliance au quotidien,<br \/>\nmesurez votre diam\u00e8tre au repos.<br \/>\nSi vous voulez porter l\u2019alliance en \u201caction\u201d,<br \/>\nmesurez votre diam\u00e8tre en \u00e9rection.<\/p>\n<p>Bijou plaqu\u00e9 or 3 microns 16 carats et finition 24 carats sur m\u00e9tal<br \/>\n3 joncs. Hauteur ; 12 mm Epaisseur : 4 mm<br \/>\nEnt\u00e8rement polies. Entretien eau savonneuse.<br \/>\nHypoallerg\u00e9niques.<\/p>\n","protected":false},"featured_media":14165,"template":"","meta":{"_acf_changed":false},"product_brand":[],"product_cat":[1687,1699],"product_tag":[],"class_list":{"0":"post-60060","1":"product","2":"type-product","3":"status-publish","4":"has-post-thumbnail","6":"product_cat-schmuck-fur-ihn","7":"product_cat-penis-schmuck","8":"collection-schmuck-ausserhalb-der-sammlung","10":"first","11":"instock","12":"taxable","13":"shipping-taxable","14":"purchasable","15":"product-type-simple"},"acf":[],"_links":{"self":[{"href":"https:\/\/www.sylvie-monthule.com\/de\/wp-json\/wp\/v2\/product\/60060","targetHints":{"allow":["GET"]}}],"collection":[{"href":"https:\/\/www.sylvie-monthule.com\/de\/wp-json\/wp\/v2\/product"}],"about":[{"href":"https:\/\/www.sylvie-monthule.com\/de\/wp-json\/wp\/v2\/types\/product"}],"wp:featuredmedia":[{"embeddable":true,"href":"https:\/\/www.sylvie-monthule.com\/de\/wp-json\/wp\/v2\/media\/14165"}],"wp:attachment":[{"href":"https:\/\/www.sylvie-monthule.com\/de\/wp-json\/wp\/v2\/media?parent=60060"}],"wp:term":[{"taxonomy":"product_brand","embeddable":true,"href":"https:\/\/www.sylvie-monthule.com\/de\/wp-json\/wp\/v2\/product_brand?post=60060"},{"taxonomy":"product_cat","embeddable":true,"href":"https:\/\/www.sylvie-monthule.com\/de\/wp-json\/wp\/v2\/product_cat?post=60060"},{"taxonomy":"product_tag","embeddable":true,"href":"https:\/\/www.sylvie-monthule.com\/de\/wp-json\/wp\/v2\/product_tag?post=60060"}],"curies":[{"name":"wp","href":"https:\/\/api.w.org\/{rel}","templated":true}]}}