{"id":59143,"date":"2012-11-23T00:00:00","date_gmt":"2012-11-22T23:00:00","guid":{"rendered":"https:\/\/www.sylvie-monthule.com\/jewel\/bijou-oeuf-penetrant-argent-perle\/"},"modified":"2025-02-17T08:46:53","modified_gmt":"2025-02-17T07:46:53","slug":"intim-ei-silber-und-perlen","status":"publish","type":"product","link":"https:\/\/www.sylvie-monthule.com\/de\/juwel\/intim-ei-silber-und-perlen\/","title":{"rendered":"Intim-Ei Silber und Perlen"},"content":{"rendered":"<p>Ein Schmuck-Ei, erhaben und sexy, f\u00fcr vaginale oder anale Vergn\u00fcgen. Die Form des Eies ist ideal f\u00fcr die Penetration. Die aus schwarzem Harz hergestellten Eierschmuckst\u00fccke sind hypoallergen. Sie w\u00e4hlen den Durchmesser Ihres Eies nach Ihren W\u00fcnschen\u2026 Sex-Schmuck mit elegantem Design, ein perfektes Finish! Sie werden den aufregenden Empfindungen dieser einzigartigen Juwelen erliegen. und Sie werden die Liebkosung des Anh\u00e4ngers auf der Haut lieben\u2026<\/p>\n","protected":false},"excerpt":{"rendered":"<div>\n<p>Vaginal- oder Anal-Ei aus gl\u00e4nzend schwarzem Harz.<br \/>\nDurchmesser: 34 oder 28 mm.<br \/>\n(L\u00e4nge Eildurchmesser 34 mm: 5 cm)<br \/>\n(L\u00e4nge Eildurchmesser 28 mm: 4 cm)<\/p>\n<p>Geschwei\u00dfter Kettenanh\u00e4nger (Kettenl\u00e4nge; 8 cm)<br \/>\nOrnamentaler Satin und schwarzer Tropfen.<br \/>\nSilber 10 Mikron.<br \/>\nIn Seifenwasser waschbar.<br \/>\nHypoallergen.<\/p>\n<\/div>\n","protected":false},"featured_media":14919,"template":"","meta":{"_acf_changed":false},"product_brand":[],"product_cat":[1683,1695],"product_tag":[],"class_list":{"0":"post-59143","1":"product","2":"type-product","3":"status-publish","4":"has-post-thumbnail","6":"product_cat-schmuck-fur-sie","7":"product_cat-stimulierender-und-penetrierender-schmuck","8":"collection-lart-du-plaisir-en-de","9":"product_option-maintenance-tips-de","11":"first","12":"instock","13":"taxable","14":"shipping-taxable","15":"purchasable","16":"product-type-simple"},"acf":[],"_links":{"self":[{"href":"https:\/\/www.sylvie-monthule.com\/de\/wp-json\/wp\/v2\/product\/59143","targetHints":{"allow":["GET"]}}],"collection":[{"href":"https:\/\/www.sylvie-monthule.com\/de\/wp-json\/wp\/v2\/product"}],"about":[{"href":"https:\/\/www.sylvie-monthule.com\/de\/wp-json\/wp\/v2\/types\/product"}],"wp:featuredmedia":[{"embeddable":true,"href":"https:\/\/www.sylvie-monthule.com\/de\/wp-json\/wp\/v2\/media\/14919"}],"wp:attachment":[{"href":"https:\/\/www.sylvie-monthule.com\/de\/wp-json\/wp\/v2\/media?parent=59143"}],"wp:term":[{"taxonomy":"product_brand","embeddable":true,"href":"https:\/\/www.sylvie-monthule.com\/de\/wp-json\/wp\/v2\/product_brand?post=59143"},{"taxonomy":"product_cat","embeddable":true,"href":"https:\/\/www.sylvie-monthule.com\/de\/wp-json\/wp\/v2\/product_cat?post=59143"},{"taxonomy":"product_tag","embeddable":true,"href":"https:\/\/www.sylvie-monthule.com\/de\/wp-json\/wp\/v2\/product_tag?post=59143"}],"curies":[{"name":"wp","href":"https:\/\/api.w.org\/{rel}","templated":true}]}}