{"id":59132,"date":"2012-11-23T00:00:00","date_gmt":"2012-11-22T23:00:00","guid":{"rendered":"https:\/\/www.sylvie-monthule.com\/jewel\/bijoux-seins-pieges-argent-gouttes\/"},"modified":"2025-02-17T08:47:32","modified_gmt":"2025-02-17T07:47:32","slug":"nippel-rosette-silberfarben","status":"publish","type":"product","link":"https:\/\/www.sylvie-monthule.com\/de\/juwel\/nippel-rosette-silberfarben\/","title":{"rendered":"Nippel-Rosette silberfarben"},"content":{"rendered":"<p style=\"text-align: justify;\">Ihre Satinhandschuhe umschmeicheln die silber Rosetten, die Ihre Brustwarzen umgeben. Die erhabenen Rosetten bedecken die Warzenh\u00f6fe Ihrer Br\u00fcste\u2026 und Ihre Brustwarzen erheben sich, inmitten der silber Herzen! Zwei feine Tropfen schwingen, schwebend, magisch und freiz\u00fcgig\u2026 um die Kurven Ihrer Br\u00fcste zu streifen. Ein intimes Schmuckst\u00fcck mit einem herrlichen und sinnlichen Design, um Ihre Br\u00fcste zu schm\u00fccken, ohne Piercing.<\/p>\n","protected":false},"excerpt":{"rendered":"<div>\n<p>Brustschmuck zur Verzierung von Brustwarze<br \/>\nund Brustwarzenhof. Nippelschmuck ohne-Piercing<br \/>\nSchmerzfrei und verstellbar, f\u00fcr alle Brustwarzengr\u00f6\u00dfen.<\/p>\n<p>Silber 10 Mikrons auf Metall.<br \/>\nRosette, Kette und kleiner Tropfen.<br \/>\nHypoallergen.<\/p>\n<\/div>\n","protected":false},"featured_media":14832,"template":"","meta":{"_acf_changed":false},"product_brand":[],"product_cat":[1683,1692],"product_tag":[],"class_list":{"0":"post-59132","1":"product","2":"type-product","3":"status-publish","4":"has-post-thumbnail","6":"product_cat-schmuck-fur-sie","7":"product_cat-brustschmuck-ohne-piercing","8":"collection-lart-du-plaisir-en-de","10":"first","11":"instock","12":"taxable","13":"shipping-taxable","14":"purchasable","15":"product-type-simple"},"acf":[],"_links":{"self":[{"href":"https:\/\/www.sylvie-monthule.com\/de\/wp-json\/wp\/v2\/product\/59132","targetHints":{"allow":["GET"]}}],"collection":[{"href":"https:\/\/www.sylvie-monthule.com\/de\/wp-json\/wp\/v2\/product"}],"about":[{"href":"https:\/\/www.sylvie-monthule.com\/de\/wp-json\/wp\/v2\/types\/product"}],"wp:featuredmedia":[{"embeddable":true,"href":"https:\/\/www.sylvie-monthule.com\/de\/wp-json\/wp\/v2\/media\/14832"}],"wp:attachment":[{"href":"https:\/\/www.sylvie-monthule.com\/de\/wp-json\/wp\/v2\/media?parent=59132"}],"wp:term":[{"taxonomy":"product_brand","embeddable":true,"href":"https:\/\/www.sylvie-monthule.com\/de\/wp-json\/wp\/v2\/product_brand?post=59132"},{"taxonomy":"product_cat","embeddable":true,"href":"https:\/\/www.sylvie-monthule.com\/de\/wp-json\/wp\/v2\/product_cat?post=59132"},{"taxonomy":"product_tag","embeddable":true,"href":"https:\/\/www.sylvie-monthule.com\/de\/wp-json\/wp\/v2\/product_tag?post=59132"}],"curies":[{"name":"wp","href":"https:\/\/api.w.org\/{rel}","templated":true}]}}