{"id":59005,"date":"2012-11-30T00:00:00","date_gmt":"2012-11-29T23:00:00","guid":{"rendered":"https:\/\/www.sylvie-monthule.com\/jewel\/bijou-oeuf-anal-or\/"},"modified":"2025-02-27T14:26:32","modified_gmt":"2025-02-27T13:26:32","slug":"anal-ei-schwarz-und-gold","status":"publish","type":"product","link":"https:\/\/www.sylvie-monthule.com\/de\/juwel\/anal-ei-schwarz-und-gold\/","title":{"rendered":"Anal-Ei  &#8222;Schwarz und Gold&#8220;"},"content":{"rendered":"<p style=\"text-align: justify;\">Stellen Sie sich f\u00fcr den Anus kreierten Intimschmuck vor! Objekte des Vergn\u00fcgens, gewagt, in Luxus gekleidet. Entdecken Sie durchdringende Eier, mit schwarzen und gl\u00e4nzenden Reflexen, so weich und glatt wie Samt. W\u00e4hlen Sie Ihren Durchmesser; 34 oder 28 mm. Ihre ovale Form ist perfekt f\u00fcr die Stimulation, und das Vergn\u00fcgen \u00fcberw\u00e4ltigt Sie. Das Secret Egg bleibt perfekt an seinem Platz.\u00a0Der rebellische Tropfen, der an der Goldenen Kette h\u00e4ngt, schwingt zwischen Ihren Oberschenkeln und enth\u00fcllt die Anwesenheit Ihres Juwels&#8230; Ohne M\u00e4\u00dfigung zu genie\u00dfen!<\/p>\n","protected":false},"excerpt":{"rendered":"<p>Anus-Schmuck.<br \/>\nSchwarzes Anal-Ei aus Harz.<br \/>\nDurchmesser nach Wahl: 34 oder 28 mm.<br \/>\n(L\u00e4nge Ei mit Durchmesser 34 mm: 5 cm.<br \/>\nL\u00e4nge Ei mit Durchmesser 28 mm : 4 cm)<br \/>\nGeschwei\u00dfte Kette (Kettenl\u00e4nge; 8 cm)<br \/>\nmit schwarzem Tropfen.<\/p>\n<p>Hohe Vergoldung 1 Mikron<br \/>\n16 Karat und Finish 24 Karat.<br \/>\nIn Seifenwasser waschbar.<br \/>\nHypoallergen.<\/p>\n","protected":false},"featured_media":14946,"template":"","meta":{"_acf_changed":false},"product_brand":[],"product_cat":[1869,1873,1687,1700],"product_tag":[],"class_list":{"0":"post-59005","1":"product","2":"type-product","3":"status-publish","4":"has-post-thumbnail","6":"product_cat-sonderangebote","7":"product_cat-aktuelle-sonderangebote","8":"product_cat-schmuck-fur-ihn","9":"product_cat-anal-schmuck","10":"collection-lart-du-plaisir-en-de","11":"product_option-size-information-de","12":"product_option-maintenance-tips-de","14":"first","15":"instock","16":"sale","17":"taxable","18":"shipping-taxable","19":"purchasable","20":"product-type-simple"},"acf":[],"_links":{"self":[{"href":"https:\/\/www.sylvie-monthule.com\/de\/wp-json\/wp\/v2\/product\/59005","targetHints":{"allow":["GET"]}}],"collection":[{"href":"https:\/\/www.sylvie-monthule.com\/de\/wp-json\/wp\/v2\/product"}],"about":[{"href":"https:\/\/www.sylvie-monthule.com\/de\/wp-json\/wp\/v2\/types\/product"}],"wp:featuredmedia":[{"embeddable":true,"href":"https:\/\/www.sylvie-monthule.com\/de\/wp-json\/wp\/v2\/media\/14946"}],"wp:attachment":[{"href":"https:\/\/www.sylvie-monthule.com\/de\/wp-json\/wp\/v2\/media?parent=59005"}],"wp:term":[{"taxonomy":"product_brand","embeddable":true,"href":"https:\/\/www.sylvie-monthule.com\/de\/wp-json\/wp\/v2\/product_brand?post=59005"},{"taxonomy":"product_cat","embeddable":true,"href":"https:\/\/www.sylvie-monthule.com\/de\/wp-json\/wp\/v2\/product_cat?post=59005"},{"taxonomy":"product_tag","embeddable":true,"href":"https:\/\/www.sylvie-monthule.com\/de\/wp-json\/wp\/v2\/product_tag?post=59005"}],"curies":[{"name":"wp","href":"https:\/\/api.w.org\/{rel}","templated":true}]}}