{"id":58989,"date":"2012-12-01T00:00:00","date_gmt":"2012-11-30T23:00:00","guid":{"rendered":"https:\/\/www.sylvie-monthule.com\/jewel\/soutien-gorge-nuit-de-satin-or\/"},"modified":"2025-02-17T08:46:43","modified_gmt":"2025-02-17T07:46:43","slug":"schmuck-bh-satin-nacht-gold","status":"publish","type":"product","link":"https:\/\/www.sylvie-monthule.com\/de\/juwel\/schmuck-bh-satin-nacht-gold\/","title":{"rendered":"Schmuck-BH &#8222;Satin-Nacht&#8220; Gold"},"content":{"rendered":"<p style=\"text-align: justify;\">Ein wundersch\u00f6ner, offener BH-Schmuck, voll verstellbar, aus Goldketten und Satin-Ornamenten gefertigt. Widerstehen Sie nicht der Erotik dieses K\u00f6rperjuwels, das Ihren Busen und Ihre Br\u00fcste kr\u00f6nt! Verstellbare schwarze Satinarmb\u00e4nder, kleine Satinschleifen und Goldketten mit Kristallanh\u00e4nger. Ein raffinierter und sexy &#8222;oben ohne&#8220; BH, der geschaffen wurde, um Lust und Weiblichkeit zu sublimieren.<\/p>\n","protected":false},"excerpt":{"rendered":"<p>Offener BH<br \/>\nmit schwarzen Satintr\u00e4gern und Schleifen.<br \/>\nHohe Vergoldung 1 Mikron 16 Karat und Finish 24 Karat<br \/>\nfacettierter reiner Kristall.<br \/>\nKette zur Einstellung von Nacken und R\u00fccken.<br \/>\nHypoallergen<\/p>\n<p>Ein sehr bequemer BH,<br \/>\ndie alle Cup-Gr\u00f6\u00dfen abdeckt und dass<br \/>\nSie werden sich dank der verstellbaren Ketten perfekt anpassen<br \/>\nNacken und R\u00fccken.<\/p>\n","protected":false},"featured_media":14989,"template":"","meta":{"_acf_changed":false},"product_brand":[],"product_cat":[1683,1697],"product_tag":[],"class_list":{"0":"post-58989","1":"product","2":"type-product","3":"status-publish","4":"has-post-thumbnail","6":"product_cat-schmuck-fur-sie","7":"product_cat-schmuck-bhs","8":"collection-lart-du-plaisir-en-de","10":"first","11":"instock","12":"taxable","13":"shipping-taxable","14":"purchasable","15":"product-type-simple"},"acf":[],"_links":{"self":[{"href":"https:\/\/www.sylvie-monthule.com\/de\/wp-json\/wp\/v2\/product\/58989","targetHints":{"allow":["GET"]}}],"collection":[{"href":"https:\/\/www.sylvie-monthule.com\/de\/wp-json\/wp\/v2\/product"}],"about":[{"href":"https:\/\/www.sylvie-monthule.com\/de\/wp-json\/wp\/v2\/types\/product"}],"wp:featuredmedia":[{"embeddable":true,"href":"https:\/\/www.sylvie-monthule.com\/de\/wp-json\/wp\/v2\/media\/14989"}],"wp:attachment":[{"href":"https:\/\/www.sylvie-monthule.com\/de\/wp-json\/wp\/v2\/media?parent=58989"}],"wp:term":[{"taxonomy":"product_brand","embeddable":true,"href":"https:\/\/www.sylvie-monthule.com\/de\/wp-json\/wp\/v2\/product_brand?post=58989"},{"taxonomy":"product_cat","embeddable":true,"href":"https:\/\/www.sylvie-monthule.com\/de\/wp-json\/wp\/v2\/product_cat?post=58989"},{"taxonomy":"product_tag","embeddable":true,"href":"https:\/\/www.sylvie-monthule.com\/de\/wp-json\/wp\/v2\/product_tag?post=58989"}],"curies":[{"name":"wp","href":"https:\/\/api.w.org\/{rel}","templated":true}]}}