{"id":58745,"date":"2013-11-22T00:00:00","date_gmt":"2013-11-21T23:00:00","guid":{"rendered":"https:\/\/www.sylvie-monthule.com\/jewel\/string-cuir-chat-fetiche-col-argent\/"},"modified":"2020-03-11T17:02:32","modified_gmt":"2020-03-11T16:02:32","slug":"leder-string-mit-juwel-katze-silber","status":"publish","type":"product","link":"https:\/\/www.sylvie-monthule.com\/de\/juwel\/leder-string-mit-juwel-katze-silber\/","title":{"rendered":"Leder String mit \u201cJuwel katze\u201d silber"},"content":{"rendered":"<p>Der ganze Charme des Leders&#8230; Auf der Kurve Ihres Geschlechts, ein String aus Leder und Silber!\u00a0 Ein Juwel, das das Geschlecht vollst\u00e4ndig bedeckt. Auf dem weichen und geschmeidigen Leder h\u00e4ngen eine kleine &#8222;Silberkatze&#8220; und eine H\u00e4matitperle! Herrlicher Mix aus weichen Materialien; das Silber schm\u00fcckt das Leder mit Glanz und Sinnlichkeit&#8230; Eine sexy und einzigartige Unterw\u00e4sche, die das Geschlecht, das Geheimnis, die Sch\u00f6nheit kleidet!<\/p>\n","protected":false},"excerpt":{"rendered":"<p>Weiches Leder.\u00a0sehr komfortabel<br \/>\nKatzenanh\u00e4nger und H\u00e4matitperle<br \/>\nSilber 10 Mikrons auf Metall.<\/p>\n<p>Dank der elastischen Halterungen aus weicher Baumwolle,<br \/>\nkann der Schmuck-String perfekt platziert werden.<br \/>\nHypoallergen.<\/p>\n","protected":false},"featured_media":15235,"template":"","meta":{"_acf_changed":false},"product_brand":[],"product_cat":[1683,1698],"product_tag":[],"class_list":{"0":"post-58745","1":"product","2":"type-product","3":"status-publish","4":"has-post-thumbnail","6":"product_cat-schmuck-fur-sie","7":"product_cat-schmuckstrings","8":"collection-bijoux-pleine-lune-de","9":"product_option-leather-care-de","11":"first","12":"outofstock","13":"featured","14":"taxable","15":"shipping-taxable","16":"purchasable","17":"product-type-simple"},"acf":[],"_links":{"self":[{"href":"https:\/\/www.sylvie-monthule.com\/de\/wp-json\/wp\/v2\/product\/58745","targetHints":{"allow":["GET"]}}],"collection":[{"href":"https:\/\/www.sylvie-monthule.com\/de\/wp-json\/wp\/v2\/product"}],"about":[{"href":"https:\/\/www.sylvie-monthule.com\/de\/wp-json\/wp\/v2\/types\/product"}],"wp:featuredmedia":[{"embeddable":true,"href":"https:\/\/www.sylvie-monthule.com\/de\/wp-json\/wp\/v2\/media\/15235"}],"wp:attachment":[{"href":"https:\/\/www.sylvie-monthule.com\/de\/wp-json\/wp\/v2\/media?parent=58745"}],"wp:term":[{"taxonomy":"product_brand","embeddable":true,"href":"https:\/\/www.sylvie-monthule.com\/de\/wp-json\/wp\/v2\/product_brand?post=58745"},{"taxonomy":"product_cat","embeddable":true,"href":"https:\/\/www.sylvie-monthule.com\/de\/wp-json\/wp\/v2\/product_cat?post=58745"},{"taxonomy":"product_tag","embeddable":true,"href":"https:\/\/www.sylvie-monthule.com\/de\/wp-json\/wp\/v2\/product_tag?post=58745"}],"curies":[{"name":"wp","href":"https:\/\/api.w.org\/{rel}","templated":true}]}}