{"id":58522,"date":"2014-11-21T00:00:00","date_gmt":"2014-11-20T23:00:00","guid":{"rendered":"https:\/\/www.sylvie-monthule.com\/jewel\/string-eventail-argent-penetrant\/"},"modified":"2025-02-17T08:46:51","modified_gmt":"2025-02-17T07:46:51","slug":"schmuck-string-facher-mit-geisha-balle-silberfarben","status":"publish","type":"product","link":"https:\/\/www.sylvie-monthule.com\/de\/juwel\/schmuck-string-facher-mit-geisha-balle-silberfarben\/","title":{"rendered":"Schmuck-String F\u00e4cher mit Geisha-B\u00e4lle silberfarben"},"content":{"rendered":"<p style=\"text-align: justify;\">Ein f\u00e4cherf\u00f6rmiger Juwelen-String, der mit Gold und schwarzer Emaille verziert ist. Ein sexy String, der sich in ein Sexspielzeug verwandelt\u2026 Der F\u00e4cher schm\u00fcckt Ihr Schambein mit Wollust. Die Perlen gleiten auf jeder Seite Ihrer Genitalien. Ein Juwel von aller Sch\u00f6nheit! Dann h\u00e4ngen Sie den Anh\u00e4nger \u201cGeisha-B\u00e4lle\u201d an die Schnur: Die schwarzen B\u00e4lle prallen in Ihrer Vagina zusammen und streicheln Ihr Geschlecht. F\u00fcr tausend intime Freuden! Ein sehr erotischer und sehr komfortabler String !\u00a0Entdecken Sie den F\u00e4cherstring in Schwarz und Silber.<\/p>\n","protected":false},"excerpt":{"rendered":"<div>\n<p>Dank der elastischen Halterungen aus weicher Baumwolle,<br \/>\nkann der Schmuck-String perfekt platziert werden.<\/p>\n<p>F\u00e4cher silber 10 Mikrons\u00a0auf Metall.<br \/>\nMit schwarzer Emaille. Schwarze Perlen.<br \/>\nAnh\u00e4nger mit 2 schwarzen Geisha-Kugeln aus Harz<br \/>\n(Durchmesser 24 und 34 mm). Abnehmbarer Anh\u00e4nger<br \/>\nL\u00e4nge des Rosenkranzes: 25 cm<br \/>\nHypoallergen.<\/p>\n<\/div>\n","protected":false},"featured_media":15636,"template":"","meta":{"_acf_changed":false},"product_brand":[],"product_cat":[1683,1695],"product_tag":[],"class_list":{"0":"post-58522","1":"product","2":"type-product","3":"status-publish","4":"has-post-thumbnail","6":"product_cat-schmuck-fur-sie","7":"product_cat-stimulierender-und-penetrierender-schmuck","8":"collection-les-bijoux-sortilege-de","9":"product_option-maintenance-tips-de","11":"first","12":"instock","13":"taxable","14":"shipping-taxable","15":"purchasable","16":"product-type-simple"},"acf":[],"_links":{"self":[{"href":"https:\/\/www.sylvie-monthule.com\/de\/wp-json\/wp\/v2\/product\/58522","targetHints":{"allow":["GET"]}}],"collection":[{"href":"https:\/\/www.sylvie-monthule.com\/de\/wp-json\/wp\/v2\/product"}],"about":[{"href":"https:\/\/www.sylvie-monthule.com\/de\/wp-json\/wp\/v2\/types\/product"}],"wp:featuredmedia":[{"embeddable":true,"href":"https:\/\/www.sylvie-monthule.com\/de\/wp-json\/wp\/v2\/media\/15636"}],"wp:attachment":[{"href":"https:\/\/www.sylvie-monthule.com\/de\/wp-json\/wp\/v2\/media?parent=58522"}],"wp:term":[{"taxonomy":"product_brand","embeddable":true,"href":"https:\/\/www.sylvie-monthule.com\/de\/wp-json\/wp\/v2\/product_brand?post=58522"},{"taxonomy":"product_cat","embeddable":true,"href":"https:\/\/www.sylvie-monthule.com\/de\/wp-json\/wp\/v2\/product_cat?post=58522"},{"taxonomy":"product_tag","embeddable":true,"href":"https:\/\/www.sylvie-monthule.com\/de\/wp-json\/wp\/v2\/product_tag?post=58522"}],"curies":[{"name":"wp","href":"https:\/\/api.w.org\/{rel}","templated":true}]}}