{"id":58513,"date":"2014-11-21T00:00:00","date_gmt":"2014-11-20T23:00:00","guid":{"rendered":"https:\/\/www.sylvie-monthule.com\/jewel\/chapelet-femme-penetrant\/"},"modified":"2025-02-17T08:46:51","modified_gmt":"2025-02-17T07:46:51","slug":"rosenkranz-der-intimballe-blau-oder-schwarz","status":"publish","type":"product","link":"https:\/\/www.sylvie-monthule.com\/de\/juwel\/rosenkranz-der-intimballe-blau-oder-schwarz\/","title":{"rendered":"Rosenkranz der Intimb\u00e4lle blau oder schwarz"},"content":{"rendered":"<p style=\"text-align: justify;\">M\u00f6chten Sie vaginalen oder analen Schmuck? Ergeben Sie sich der Sch\u00f6nheit der Rosenkranz-Inhaltskugeln in blau oder schwarz &#8230; Hypoallergene, elegante, durchdringende Juwelen zur Befriedigung Ihrer W\u00fcnsche&#8230; Schmuck, der f\u00fcr Sexspiele mit B\u00e4lle mit kleinem Durchmesser geschaffen wurde!\u00a0Der ovalisierte und gravierte Ring am Ende des Juwels wird die Anwesenheit Ihres Rosenkranzes verraten&#8230; K\u00f6stliche Vision!\u00a0Aufregung f\u00fcr die Sinne!<\/p>\n","protected":false},"excerpt":{"rendered":"<p>Anal- oder Vaginal-Rosenkranz<br \/>\nmit 3 B\u00e4lle von 24 mm Durchmesser aus schwarzem oder blauem Harz.<\/p>\n<p>Hohe Vergoldung 1 Mikron 16 Karat und Finish 24 Karat<br \/>\nOvalisierter Ring am Ende<br \/>\nmit der Gravur &#8222;For You&#8220;.<br \/>\nIn Seifenwasser waschbar.<br \/>\nHypoallergen<\/p>\n","protected":false},"featured_media":15416,"template":"","meta":{"_acf_changed":false},"product_brand":[],"product_cat":[1683,1695],"product_tag":[],"class_list":{"0":"post-58513","1":"product","2":"type-product","3":"status-publish","4":"has-post-thumbnail","6":"product_cat-schmuck-fur-sie","7":"product_cat-stimulierender-und-penetrierender-schmuck","8":"collection-les-bijoux-sortilege-de","9":"product_option-maintenance-tips-de","11":"first","12":"instock","13":"taxable","14":"shipping-taxable","15":"purchasable","16":"product-type-simple"},"acf":[],"_links":{"self":[{"href":"https:\/\/www.sylvie-monthule.com\/de\/wp-json\/wp\/v2\/product\/58513","targetHints":{"allow":["GET"]}}],"collection":[{"href":"https:\/\/www.sylvie-monthule.com\/de\/wp-json\/wp\/v2\/product"}],"about":[{"href":"https:\/\/www.sylvie-monthule.com\/de\/wp-json\/wp\/v2\/types\/product"}],"wp:featuredmedia":[{"embeddable":true,"href":"https:\/\/www.sylvie-monthule.com\/de\/wp-json\/wp\/v2\/media\/15416"}],"wp:attachment":[{"href":"https:\/\/www.sylvie-monthule.com\/de\/wp-json\/wp\/v2\/media?parent=58513"}],"wp:term":[{"taxonomy":"product_brand","embeddable":true,"href":"https:\/\/www.sylvie-monthule.com\/de\/wp-json\/wp\/v2\/product_brand?post=58513"},{"taxonomy":"product_cat","embeddable":true,"href":"https:\/\/www.sylvie-monthule.com\/de\/wp-json\/wp\/v2\/product_cat?post=58513"},{"taxonomy":"product_tag","embeddable":true,"href":"https:\/\/www.sylvie-monthule.com\/de\/wp-json\/wp\/v2\/product_tag?post=58513"}],"curies":[{"name":"wp","href":"https:\/\/api.w.org\/{rel}","templated":true}]}}