{"id":58482,"date":"2014-11-22T00:00:00","date_gmt":"2014-11-21T23:00:00","guid":{"rendered":"https:\/\/www.sylvie-monthule.com\/jewel\/string-eventail-or-penetrant\/"},"modified":"2026-01-28T08:25:07","modified_gmt":"2026-01-28T07:25:07","slug":"schmuck-string-facher-mit-geisha-balle-goldfarben","status":"publish","type":"product","link":"https:\/\/www.sylvie-monthule.com\/de\/juwel\/schmuck-string-facher-mit-geisha-balle-goldfarben\/","title":{"rendered":"Schmuck-String F\u00e4cher mit Geisha-B\u00e4lle goldfarben"},"content":{"rendered":"<p style=\"text-align: justify;\">Ein f\u00e4cherf\u00f6rmiger Juwelen-String, der mit Gold und schwarzer Emaille verziert ist. Ein sexy String, der sich in ein Sexspielzeug verwandelt&#8230; Der F\u00e4cher schm\u00fcckt Ihr Schambein mit Wollust. Die Perlen gleiten auf jeder Seite Ihrer Genitalien. Ein Juwel von aller Sch\u00f6nheit! Dann h\u00e4ngen Sie den Anh\u00e4nger &#8222;Geisha-B\u00e4lle&#8220; an die Schnur:\u00a0 Die schwarzen B\u00e4lle prallen in Ihrer Vagina zusammen und streicheln Ihr Geschlecht. F\u00fcr tausend intime Freuden! Ein sehr erotischer und sehr komfortabler String !<\/p>\n<p>&nbsp;<\/p>\n","protected":false},"excerpt":{"rendered":"<p>Dank der elastischen Halterungen aus weicher Baumwolle,<br \/>\nkann der Schmuck-String perfekt platziert werden.<\/p>\n<p>F\u00e4cher Hohe Vergoldung 1 Mikron 16 Karat und<br \/>\nFinish 24 Karat auf Metall.<br \/>\nMit schwarzer Emaille. Schwarze Perlen.<br \/>\nAnh\u00e4nger mit 2 schwarzen Geisha-Kugeln aus Harz<br \/>\n(Durchmesser 24 und 34 mm). Abnehmbarer Anh\u00e4nger<br \/>\nL\u00e4nge des Rosenkranzes: 25 cm<br \/>\nHypoallergen.<\/p>\n","protected":false},"featured_media":15629,"template":"","meta":{"_acf_changed":false},"product_brand":[],"product_cat":[1683,1695],"product_tag":[],"class_list":{"0":"post-58482","1":"product","2":"type-product","3":"status-publish","4":"has-post-thumbnail","6":"product_cat-schmuck-fur-sie","7":"product_cat-stimulierender-und-penetrierender-schmuck","8":"collection-les-bijoux-sortilege-de","9":"product_option-maintenance-tips-de","11":"first","12":"instock","13":"taxable","14":"shipping-taxable","15":"purchasable","16":"product-type-simple"},"acf":[],"_links":{"self":[{"href":"https:\/\/www.sylvie-monthule.com\/de\/wp-json\/wp\/v2\/product\/58482","targetHints":{"allow":["GET"]}}],"collection":[{"href":"https:\/\/www.sylvie-monthule.com\/de\/wp-json\/wp\/v2\/product"}],"about":[{"href":"https:\/\/www.sylvie-monthule.com\/de\/wp-json\/wp\/v2\/types\/product"}],"wp:featuredmedia":[{"embeddable":true,"href":"https:\/\/www.sylvie-monthule.com\/de\/wp-json\/wp\/v2\/media\/15629"}],"wp:attachment":[{"href":"https:\/\/www.sylvie-monthule.com\/de\/wp-json\/wp\/v2\/media?parent=58482"}],"wp:term":[{"taxonomy":"product_brand","embeddable":true,"href":"https:\/\/www.sylvie-monthule.com\/de\/wp-json\/wp\/v2\/product_brand?post=58482"},{"taxonomy":"product_cat","embeddable":true,"href":"https:\/\/www.sylvie-monthule.com\/de\/wp-json\/wp\/v2\/product_cat?post=58482"},{"taxonomy":"product_tag","embeddable":true,"href":"https:\/\/www.sylvie-monthule.com\/de\/wp-json\/wp\/v2\/product_tag?post=58482"}],"curies":[{"name":"wp","href":"https:\/\/api.w.org\/{rel}","templated":true}]}}