{"id":58447,"date":"2014-11-22T00:00:00","date_gmt":"2014-11-21T23:00:00","guid":{"rendered":"https:\/\/www.sylvie-monthule.com\/jewel\/string-brandebourg-caresse-or\/"},"modified":"2025-02-17T08:47:07","modified_gmt":"2025-02-17T07:47:07","slug":"schmuck-string-brandenburg-goldfarben","status":"publish","type":"product","link":"https:\/\/www.sylvie-monthule.com\/de\/juwel\/schmuck-string-brandenburg-goldfarben\/","title":{"rendered":"Schmuck-String &#8222;Brandenburg&#8220; goldfarben"},"content":{"rendered":"<p style=\"text-align: justify;\">Schl\u00fcpfen Sie in einen sexy String, der wie Dessous aussieht. Die goldene Brandenburg, die Ihr Schambein schm\u00fcckt, ist ein Genuss f\u00fcr die Sinne. Seine Sch\u00f6nheit und Weichheit, sein Glanz, sein H\u00e4matit-Stein in der Mitte des Juwels &#8230; Entdecken Sie das Vergn\u00fcgen, die mit vollen Perlen geschm\u00fcckten Ketten zu sp\u00fcren: wie Wellen wogen die Ketten an Ihrem Geschlecht, an Ihren Lippen. Sie bewegen sich im Rhythmus und ber\u00fchren st\u00e4ndig die Haut &#8230; Ein bequemer Juwelen-String, weich wie Dessous, mit einem au\u00dfergew\u00f6hnlichen Design.<\/p>\n","protected":false},"excerpt":{"rendered":"<p>Dank der elastischen Halterungen aus weicher Baumwolle,<br \/>\nkann der Schmuck-String perfekt platziert werden.<\/p>\n<p>Hohe Vergoldung 1 Mikron 16 Karat<br \/>\nund Finish 24 Karat auf Metall<br \/>\nBrandenburg mit rundem H\u00e4matit-Stein.<br \/>\nFeine Ketten und Kugeln.<br \/>\nHypoallergen.<\/p>\n<p>&nbsp;<\/p>\n","protected":false},"featured_media":15584,"template":"","meta":{"_acf_changed":false},"product_brand":[],"product_cat":[1683,1698],"product_tag":[],"class_list":{"0":"post-58447","1":"product","2":"type-product","3":"status-publish","4":"has-post-thumbnail","6":"product_cat-schmuck-fur-sie","7":"product_cat-schmuckstrings","8":"collection-les-bijoux-sortilege-de","9":"product_option-size-information-de","11":"first","12":"instock","13":"taxable","14":"shipping-taxable","15":"purchasable","16":"product-type-simple"},"acf":[],"_links":{"self":[{"href":"https:\/\/www.sylvie-monthule.com\/de\/wp-json\/wp\/v2\/product\/58447","targetHints":{"allow":["GET"]}}],"collection":[{"href":"https:\/\/www.sylvie-monthule.com\/de\/wp-json\/wp\/v2\/product"}],"about":[{"href":"https:\/\/www.sylvie-monthule.com\/de\/wp-json\/wp\/v2\/types\/product"}],"wp:featuredmedia":[{"embeddable":true,"href":"https:\/\/www.sylvie-monthule.com\/de\/wp-json\/wp\/v2\/media\/15584"}],"wp:attachment":[{"href":"https:\/\/www.sylvie-monthule.com\/de\/wp-json\/wp\/v2\/media?parent=58447"}],"wp:term":[{"taxonomy":"product_brand","embeddable":true,"href":"https:\/\/www.sylvie-monthule.com\/de\/wp-json\/wp\/v2\/product_brand?post=58447"},{"taxonomy":"product_cat","embeddable":true,"href":"https:\/\/www.sylvie-monthule.com\/de\/wp-json\/wp\/v2\/product_cat?post=58447"},{"taxonomy":"product_tag","embeddable":true,"href":"https:\/\/www.sylvie-monthule.com\/de\/wp-json\/wp\/v2\/product_tag?post=58447"}],"curies":[{"name":"wp","href":"https:\/\/api.w.org\/{rel}","templated":true}]}}