{"id":58368,"date":"2014-11-25T00:00:00","date_gmt":"2014-11-24T23:00:00","guid":{"rendered":"https:\/\/www.sylvie-monthule.com\/jewel\/string-eventail-libertin-pompon-argent\/"},"modified":"2025-02-17T08:47:06","modified_gmt":"2025-02-17T07:47:06","slug":"schmuck-string-libertin-facher-pompon-silber","status":"publish","type":"product","link":"https:\/\/www.sylvie-monthule.com\/de\/juwel\/schmuck-string-libertin-facher-pompon-silber\/","title":{"rendered":"Schmuck-String \u201cLibertin-F\u00e4cher\u201d pompon silber"},"content":{"rendered":"<p>Ein m\u00e4rchenhafter Facher G-String verbreitet seine Sch\u00f6nheit \u00fcber Ihre Nacktheit. Arabesken, schwarze Emaille, komponieren seine Pracht. Auf der Samtigkeit Ihrer Haut sind ihre Rundungen exquisit, perfekt. Auf jeder Seite Ihres Geschlechts schiebt der F\u00e4cher seine schwarzen Perlen, so weich, so intim. Genie\u00dfen Sie das Vergn\u00fcgen, den F\u00e4cher zu tragen, und legen Sie dann den freiz\u00fcgigen Pompon in den Ring, der die Perlen trennt. Probieren Sie die unaufh\u00f6rlichen Liebkosungen der Ketten, die Ihre Lippen peitschen\u2026 die aufregenden Liebkosungen an Ihrem Geschlecht, an Ihrer Klitoris! Erf\u00fcllen Sie sich, bevor Sie Ihren Partner verzaubern!<\/p>\n","protected":false},"excerpt":{"rendered":"<div>\n<p>Dank der elastischen Halterungen aus weicher Baumwolle,<br \/>\nkann der Schmuck-String perfekt platziert werden.<\/p>\n<p>Silber 10 Mikrons auf Metall.<br \/>\nF\u00e4cher mit schwarzer Emaille.<br \/>\nSchwarze Perlen und abnehmbarer Pompon<br \/>\nAnh\u00e4nger Pompon feine Ketten : 5 cm<br \/>\nHypoallergen.<\/p>\n<\/div>\n","protected":false},"featured_media":15620,"template":"","meta":{"_acf_changed":false},"product_brand":[],"product_cat":[1683,1698],"product_tag":[],"class_list":{"0":"post-58368","1":"product","2":"type-product","3":"status-publish","4":"has-post-thumbnail","6":"product_cat-schmuck-fur-sie","7":"product_cat-schmuckstrings","8":"collection-les-bijoux-sortilege-de","9":"product_option-size-information-de","11":"first","12":"instock","13":"taxable","14":"shipping-taxable","15":"purchasable","16":"product-type-simple"},"acf":[],"_links":{"self":[{"href":"https:\/\/www.sylvie-monthule.com\/de\/wp-json\/wp\/v2\/product\/58368","targetHints":{"allow":["GET"]}}],"collection":[{"href":"https:\/\/www.sylvie-monthule.com\/de\/wp-json\/wp\/v2\/product"}],"about":[{"href":"https:\/\/www.sylvie-monthule.com\/de\/wp-json\/wp\/v2\/types\/product"}],"wp:featuredmedia":[{"embeddable":true,"href":"https:\/\/www.sylvie-monthule.com\/de\/wp-json\/wp\/v2\/media\/15620"}],"wp:attachment":[{"href":"https:\/\/www.sylvie-monthule.com\/de\/wp-json\/wp\/v2\/media?parent=58368"}],"wp:term":[{"taxonomy":"product_brand","embeddable":true,"href":"https:\/\/www.sylvie-monthule.com\/de\/wp-json\/wp\/v2\/product_brand?post=58368"},{"taxonomy":"product_cat","embeddable":true,"href":"https:\/\/www.sylvie-monthule.com\/de\/wp-json\/wp\/v2\/product_cat?post=58368"},{"taxonomy":"product_tag","embeddable":true,"href":"https:\/\/www.sylvie-monthule.com\/de\/wp-json\/wp\/v2\/product_tag?post=58368"}],"curies":[{"name":"wp","href":"https:\/\/api.w.org\/{rel}","templated":true}]}}