{"id":58332,"date":"2014-11-29T00:00:00","date_gmt":"2014-11-28T23:00:00","guid":{"rendered":"https:\/\/www.sylvie-monthule.com\/jewel\/chapelet-homme-penetrant\/"},"modified":"2025-02-27T14:26:31","modified_gmt":"2025-02-27T13:26:31","slug":"analperlen-fur-manner","status":"publish","type":"product","link":"https:\/\/www.sylvie-monthule.com\/de\/juwel\/analperlen-fur-manner\/","title":{"rendered":"Analperlen f\u00fcr M\u00e4nner"},"content":{"rendered":"<p style=\"text-align: justify;\">Ein Anus-Juwel, um neue Freuden zu entdecken! Die 3 B\u00e4lle, in schwarz oder blau, mit transparenten Reflexionen, werden in Sie eindringen &#8230; Subtile Bewegungen der Harzkugeln, die aufeinander treffen, kollidieren, beunruhigende Liebkosungen so intensiv, so geheim &#8230; um die Freuden des Menschen zu leben! Ein pr\u00e4chtiges Anusjuwel, mit seiner goldenen Kette und dem gravierten Ring.<\/p>\n","protected":false},"excerpt":{"rendered":"<p>Anal Schmuck f\u00fcr Mann<br \/>\nmit einem Rosenkranz aus drei Kugeln.<\/p>\n<p>Kugeln Durchmesser 24 mm. Schwarz gl\u00e4nzendes Harz, oder blau.<br \/>\nGeschwei\u00dfte Ketten. L\u00e4nge des Anh\u00e4ngers; 8 cm.<br \/>\nHohe Vergoldung 1 Mikron 16 Karat und Finish 24 Karat<br \/>\nRing mit der Gravur &#8222;f\u00fcr Sie&#8220;.<br \/>\nIn Seifenwasser waschbar<br \/>\nHypoallergen.<\/p>\n","protected":false},"featured_media":15424,"template":"","meta":{"_acf_changed":false},"product_brand":[],"product_cat":[1687,1700],"product_tag":[],"class_list":{"0":"post-58332","1":"product","2":"type-product","3":"status-publish","4":"has-post-thumbnail","6":"product_cat-schmuck-fur-ihn","7":"product_cat-anal-schmuck","8":"collection-les-bijoux-sortilege-de","9":"product_option-maintenance-tips-de","11":"first","12":"outofstock","13":"taxable","14":"shipping-taxable","15":"purchasable","16":"product-type-simple"},"acf":[],"_links":{"self":[{"href":"https:\/\/www.sylvie-monthule.com\/de\/wp-json\/wp\/v2\/product\/58332","targetHints":{"allow":["GET"]}}],"collection":[{"href":"https:\/\/www.sylvie-monthule.com\/de\/wp-json\/wp\/v2\/product"}],"about":[{"href":"https:\/\/www.sylvie-monthule.com\/de\/wp-json\/wp\/v2\/types\/product"}],"wp:featuredmedia":[{"embeddable":true,"href":"https:\/\/www.sylvie-monthule.com\/de\/wp-json\/wp\/v2\/media\/15424"}],"wp:attachment":[{"href":"https:\/\/www.sylvie-monthule.com\/de\/wp-json\/wp\/v2\/media?parent=58332"}],"wp:term":[{"taxonomy":"product_brand","embeddable":true,"href":"https:\/\/www.sylvie-monthule.com\/de\/wp-json\/wp\/v2\/product_brand?post=58332"},{"taxonomy":"product_cat","embeddable":true,"href":"https:\/\/www.sylvie-monthule.com\/de\/wp-json\/wp\/v2\/product_cat?post=58332"},{"taxonomy":"product_tag","embeddable":true,"href":"https:\/\/www.sylvie-monthule.com\/de\/wp-json\/wp\/v2\/product_tag?post=58332"}],"curies":[{"name":"wp","href":"https:\/\/api.w.org\/{rel}","templated":true}]}}