{"id":57965,"date":"2016-11-14T18:33:51","date_gmt":"2016-11-14T18:33:51","guid":{"rendered":"https:\/\/www.sylvie-monthule.com\/jewel\/capture-me-man-g-string-gold\/"},"modified":"2025-02-27T14:26:30","modified_gmt":"2025-02-27T13:26:30","slug":"schmuck-string-fang-mich-goldfarben","status":"publish","type":"product","link":"https:\/\/www.sylvie-monthule.com\/de\/juwel\/schmuck-string-fang-mich-goldfarben\/","title":{"rendered":"Schmuck-String \u201eFang mich&#8220; \u201c goldfarben"},"content":{"rendered":"<p style=\"text-align: justify;\">Kleiden Sie Ihren K\u00f6rper mit einem originellen und einzigartigen Sex-Juwel! Der K\u00f6rper einer Frau wie eine Juwelenskulptur umspannt Ihren Penis. Die Frau mit den vollen Kurven sitzt auf Ihrem Penis: mit ihren geschwungenen Lenden, den gespreizten Beinen, reitet sie auf Ihrem Penis wie eine Reiterin&#8230; mit einer wahnsinnigen Wollust. Die Ketten des Strings umschlie\u00dfen die Basis Ihres Geschlechts, und Ihr Penis ist frei und wird allen Liebkosungen, allen Begierden angeboten. Ein Bijou G-String f\u00fcr M\u00e4nner, der Ihre M\u00e4nnlichkeit einf\u00e4ngt und mit Ihrer Fantasie spielt&#8230; Lassen Sie sich gehen!<\/p>\n","protected":false},"excerpt":{"rendered":"<p>String mit Schmuck-Penis<br \/>\nDank der elastischen Halterungen aus<br \/>\nweicher Baumwolle, kann der Schmuck-String<br \/>\nperfekt platziert werden.<\/p>\n<p>G-String mit\u00a0weiblichem K\u00f6rper und Kette.<br \/>\nHohe Vergoldung 1 Mikron 16 Karat<br \/>\nund Finish 24 Karat auf Metall<br \/>\nHypoallergen.<\/p>\n","protected":false},"featured_media":33332,"template":"","meta":{"_acf_changed":false},"product_brand":[],"product_cat":[1687,1701],"product_tag":[],"class_list":{"0":"post-57965","1":"product","2":"type-product","3":"status-publish","4":"has-post-thumbnail","6":"product_cat-schmuck-fur-ihn","7":"product_cat-g-string-schmuck","8":"collection-intime-fallen-schmuck","9":"product_option-size-information-de","11":"first","12":"instock","13":"taxable","14":"shipping-taxable","15":"purchasable","16":"product-type-simple"},"acf":[],"_links":{"self":[{"href":"https:\/\/www.sylvie-monthule.com\/de\/wp-json\/wp\/v2\/product\/57965","targetHints":{"allow":["GET"]}}],"collection":[{"href":"https:\/\/www.sylvie-monthule.com\/de\/wp-json\/wp\/v2\/product"}],"about":[{"href":"https:\/\/www.sylvie-monthule.com\/de\/wp-json\/wp\/v2\/types\/product"}],"wp:featuredmedia":[{"embeddable":true,"href":"https:\/\/www.sylvie-monthule.com\/de\/wp-json\/wp\/v2\/media\/33332"}],"wp:attachment":[{"href":"https:\/\/www.sylvie-monthule.com\/de\/wp-json\/wp\/v2\/media?parent=57965"}],"wp:term":[{"taxonomy":"product_brand","embeddable":true,"href":"https:\/\/www.sylvie-monthule.com\/de\/wp-json\/wp\/v2\/product_brand?post=57965"},{"taxonomy":"product_cat","embeddable":true,"href":"https:\/\/www.sylvie-monthule.com\/de\/wp-json\/wp\/v2\/product_cat?post=57965"},{"taxonomy":"product_tag","embeddable":true,"href":"https:\/\/www.sylvie-monthule.com\/de\/wp-json\/wp\/v2\/product_tag?post=57965"}],"curies":[{"name":"wp","href":"https:\/\/api.w.org\/{rel}","templated":true}]}}