{"id":57943,"date":"2016-11-14T18:33:51","date_gmt":"2016-11-14T17:33:51","guid":{"rendered":"https:\/\/www.sylvie-monthule.com\/jewel\/trap-draped-bustier-silver\/"},"modified":"2025-02-17T08:46:42","modified_gmt":"2025-02-17T07:46:42","slug":"brustschmuck-silber-drapierte-ketten","status":"publish","type":"product","link":"https:\/\/www.sylvie-monthule.com\/de\/juwel\/brustschmuck-silber-drapierte-ketten\/","title":{"rendered":"Brustschmuck \u201cSilber drapierte Ketten\u201d"},"content":{"rendered":"<p>Ein Vorhang aus Silberketten kleidet Ihre B\u00fcste. Dieses intime Juwel ist eine k\u00f6stliche Falle, ein erotisches und sinnliches Dessous-Juwel, das Ihre Br\u00fcste, Ihren K\u00f6rper liebkost. Unter den Wellen der Ketten ist Ihr K\u00f6rper nackt und erliegt dem unaufh\u00f6rlichen Schwingen der Ketten \u2026 Der Silbertropfen als Anh\u00e4nger vervollst\u00e4ndigt die Sch\u00f6nheit des Juwels ! Entdecken Sie die \u201cdrapierten Bustiers\u201d, unwiderstehliche K\u00f6rperschmuckst\u00fccke, die f\u00fcr die Lust geschaffen wurden. Dank der verstellbaren Ketten (Hals und R\u00fccken) k\u00f6nnen Sie Ihr Schmuckst\u00fcck an Ihre Silhouette anpassen.<\/p>\n","protected":false},"excerpt":{"rendered":"<div>\n<p>Dank der verstellbaren Ketten (Hals und R\u00fccken)<br \/>\nk\u00f6nnen Sie Ihr Schmuckst\u00fcck an Ihre Silhouette anpassen.<\/p>\n<p>Bustier mit drapierten Ketten und Tropfen<br \/>\nSilber 10 Mikrons<br \/>\nHypoallergen.<\/p>\n<\/div>\n","protected":false},"featured_media":32978,"template":"","meta":{"_acf_changed":false},"product_brand":[],"product_cat":[1683,1697],"product_tag":[],"class_list":{"0":"post-57943","1":"product","2":"type-product","3":"status-publish","4":"has-post-thumbnail","6":"product_cat-schmuck-fur-sie","7":"product_cat-schmuck-bhs","8":"collection-intime-fallen-schmuck","10":"first","11":"instock","12":"taxable","13":"shipping-taxable","14":"purchasable","15":"product-type-simple"},"acf":[],"_links":{"self":[{"href":"https:\/\/www.sylvie-monthule.com\/de\/wp-json\/wp\/v2\/product\/57943","targetHints":{"allow":["GET"]}}],"collection":[{"href":"https:\/\/www.sylvie-monthule.com\/de\/wp-json\/wp\/v2\/product"}],"about":[{"href":"https:\/\/www.sylvie-monthule.com\/de\/wp-json\/wp\/v2\/types\/product"}],"wp:featuredmedia":[{"embeddable":true,"href":"https:\/\/www.sylvie-monthule.com\/de\/wp-json\/wp\/v2\/media\/32978"}],"wp:attachment":[{"href":"https:\/\/www.sylvie-monthule.com\/de\/wp-json\/wp\/v2\/media?parent=57943"}],"wp:term":[{"taxonomy":"product_brand","embeddable":true,"href":"https:\/\/www.sylvie-monthule.com\/de\/wp-json\/wp\/v2\/product_brand?post=57943"},{"taxonomy":"product_cat","embeddable":true,"href":"https:\/\/www.sylvie-monthule.com\/de\/wp-json\/wp\/v2\/product_cat?post=57943"},{"taxonomy":"product_tag","embeddable":true,"href":"https:\/\/www.sylvie-monthule.com\/de\/wp-json\/wp\/v2\/product_tag?post=57943"}],"curies":[{"name":"wp","href":"https:\/\/api.w.org\/{rel}","templated":true}]}}