{"id":57915,"date":"2017-11-13T16:08:14","date_gmt":"2017-11-17T07:59:40","guid":{"rendered":"https:\/\/www.sylvie-monthule.com\/jewel\/emotion-drops-nipples-jewelry-gold\/"},"modified":"2025-02-17T08:47:32","modified_gmt":"2025-02-17T07:47:32","slug":"nippelschmuck-tranen-der-emotionen-goldfarben","status":"publish","type":"product","link":"https:\/\/www.sylvie-monthule.com\/de\/juwel\/nippelschmuck-tranen-der-emotionen-goldfarben\/","title":{"rendered":"Nippelschmuck &#8222;Tr\u00e4nen der Emotionen&#8220; goldfarben"},"content":{"rendered":"<p style=\"text-align: justify;\">Zwei fein geformte Goldtropfen streicheln Ihre Br\u00fcste. An Ihren erigierten Brustwarzen aufgeh\u00e4ngt, wirbeln die Tropfen und folgen mit Wollust den Bewegungen Ihres K\u00f6rpers. Die Tropfen sind wie zwei goldene Tr\u00e4nen, zwei Tr\u00e4nen der Emotion, die auf Ihrem K\u00f6rper glitzern.\u00a0Das Reiben der Juwelen an Ihren Br\u00fcsten ist so k\u00f6stlich!<\/p>\n","protected":false},"excerpt":{"rendered":"<div>\n<p>Nippelschmuck ohne-Piercing<br \/>\nSchmerzfrei und verstellbar,<br \/>\nf\u00fcr alle Brustwarzengr\u00f6\u00dfen.<\/p>\n<p>Hohe Vergoldung 1 Mikron 16 Karat<br \/>\nund Finish 24 Karat auf Metall<br \/>\nHypoallergen.<\/p>\n<\/div>\n","protected":false},"featured_media":42463,"template":"","meta":{"_acf_changed":false},"product_brand":[],"product_cat":[1683,1692],"product_tag":[],"class_list":{"0":"post-57915","1":"product","2":"type-product","3":"status-publish","4":"has-post-thumbnail","6":"product_cat-schmuck-fur-sie","7":"product_cat-brustschmuck-ohne-piercing","8":"collection-liebesnacht-in-venedig","9":"product_option-sold-in-pairs-de","11":"first","12":"instock","13":"taxable","14":"shipping-taxable","15":"purchasable","16":"product-type-simple"},"acf":[],"_links":{"self":[{"href":"https:\/\/www.sylvie-monthule.com\/de\/wp-json\/wp\/v2\/product\/57915","targetHints":{"allow":["GET"]}}],"collection":[{"href":"https:\/\/www.sylvie-monthule.com\/de\/wp-json\/wp\/v2\/product"}],"about":[{"href":"https:\/\/www.sylvie-monthule.com\/de\/wp-json\/wp\/v2\/types\/product"}],"wp:featuredmedia":[{"embeddable":true,"href":"https:\/\/www.sylvie-monthule.com\/de\/wp-json\/wp\/v2\/media\/42463"}],"wp:attachment":[{"href":"https:\/\/www.sylvie-monthule.com\/de\/wp-json\/wp\/v2\/media?parent=57915"}],"wp:term":[{"taxonomy":"product_brand","embeddable":true,"href":"https:\/\/www.sylvie-monthule.com\/de\/wp-json\/wp\/v2\/product_brand?post=57915"},{"taxonomy":"product_cat","embeddable":true,"href":"https:\/\/www.sylvie-monthule.com\/de\/wp-json\/wp\/v2\/product_cat?post=57915"},{"taxonomy":"product_tag","embeddable":true,"href":"https:\/\/www.sylvie-monthule.com\/de\/wp-json\/wp\/v2\/product_tag?post=57915"}],"curies":[{"name":"wp","href":"https:\/\/api.w.org\/{rel}","templated":true}]}}