{"id":57913,"date":"2017-11-13T16:08:15","date_gmt":"2017-11-17T07:59:39","guid":{"rendered":"https:\/\/www.sylvie-monthule.com\/jewel\/emotion-drops-nipples-jewelry-silver\/"},"modified":"2025-02-17T08:47:31","modified_gmt":"2025-02-17T07:47:31","slug":"nippelschmuck-tranen-der-emotionen-silberfarben","status":"publish","type":"product","link":"https:\/\/www.sylvie-monthule.com\/de\/juwel\/nippelschmuck-tranen-der-emotionen-silberfarben\/","title":{"rendered":"Nippelschmuck \u201cTr\u00e4nen der Emotionen\u201d silberfarben"},"content":{"rendered":"<p>Zwei fein geformte Silbertropfen streicheln Ihre Br\u00fcste. An Ihren erigierten Brustwarzen aufgeh\u00e4ngt, wirbeln die Tropfen und folgen mit Wollust den Bewegungen Ihres K\u00f6rpers. Die Tropfen sind wie zwei silber Tr\u00e4nen, zwei Tr\u00e4nen der Emotion, die auf Ihrem K\u00f6rper glitzern. Das Reiben der Juwelen an Ihren Br\u00fcsten ist so k\u00f6stlich!<\/p>\n","protected":false},"excerpt":{"rendered":"<div>\n<div>\n<p>Nippelschmuck ohne-Piercing<br \/>\nSchmerzfrei und verstellbar,<br \/>\nf\u00fcr alle Brustwarzengr\u00f6\u00dfen.<\/p>\n<p>Silber 10 Mikrons auf Metall.<br \/>\nHypoallergen.<\/p>\n<\/div>\n<\/div>\n","protected":false},"featured_media":42481,"template":"","meta":{"_acf_changed":false},"product_brand":[],"product_cat":[1683,1692],"product_tag":[],"class_list":{"0":"post-57913","1":"product","2":"type-product","3":"status-publish","4":"has-post-thumbnail","6":"product_cat-schmuck-fur-sie","7":"product_cat-brustschmuck-ohne-piercing","8":"collection-liebesnacht-in-venedig","9":"product_option-sold-in-pairs-de","11":"first","12":"instock","13":"taxable","14":"shipping-taxable","15":"purchasable","16":"product-type-simple"},"acf":[],"_links":{"self":[{"href":"https:\/\/www.sylvie-monthule.com\/de\/wp-json\/wp\/v2\/product\/57913","targetHints":{"allow":["GET"]}}],"collection":[{"href":"https:\/\/www.sylvie-monthule.com\/de\/wp-json\/wp\/v2\/product"}],"about":[{"href":"https:\/\/www.sylvie-monthule.com\/de\/wp-json\/wp\/v2\/types\/product"}],"wp:featuredmedia":[{"embeddable":true,"href":"https:\/\/www.sylvie-monthule.com\/de\/wp-json\/wp\/v2\/media\/42481"}],"wp:attachment":[{"href":"https:\/\/www.sylvie-monthule.com\/de\/wp-json\/wp\/v2\/media?parent=57913"}],"wp:term":[{"taxonomy":"product_brand","embeddable":true,"href":"https:\/\/www.sylvie-monthule.com\/de\/wp-json\/wp\/v2\/product_brand?post=57913"},{"taxonomy":"product_cat","embeddable":true,"href":"https:\/\/www.sylvie-monthule.com\/de\/wp-json\/wp\/v2\/product_cat?post=57913"},{"taxonomy":"product_tag","embeddable":true,"href":"https:\/\/www.sylvie-monthule.com\/de\/wp-json\/wp\/v2\/product_tag?post=57913"}],"curies":[{"name":"wp","href":"https:\/\/api.w.org\/{rel}","templated":true}]}}