{"id":57903,"date":"2017-11-13T16:08:18","date_gmt":"2017-11-17T07:59:36","guid":{"rendered":"https:\/\/www.sylvie-monthule.com\/jewel\/emotion-drop-ankle-jewel-gold\/"},"modified":"2025-02-17T08:48:12","modified_gmt":"2025-02-17T07:48:12","slug":"emotion-drop-ankle-jewel-gold","status":"publish","type":"product","link":"https:\/\/www.sylvie-monthule.com\/de\/juwel\/emotion-drop-ankle-jewel-gold\/","title":{"rendered":"Emotion drop ankle jewel gold"},"content":{"rendered":"<p>Juste une larme d&#8217;\u00e9motion\u2026 Une fine larme d&#8217;Or cisel\u00e9e, sculpt\u00e9e, \u00e0 la cambrure de votre cheville\u2026 Une petite larme d&#8217;Amour, sensuelle, l\u00e9g\u00e8re.<\/p>\n","protected":false},"excerpt":{"rendered":"<p>Bijou cheville avec 2 positions de r\u00e9glage, \u00e0 22 et 25 cm.<\/p>\n<p>Bijou Cheville chaine fine plaqu\u00e9 or 3 microns 16 carats<br \/>\net finition 24 carats sur m\u00e9tal.<br \/>\nPetite goutte ouvrag\u00e9e en pendentif.<br \/>\nHypoallerg\u00e9nique.<\/p>\n","protected":false},"featured_media":57904,"template":"","meta":{"_acf_changed":false},"product_brand":[],"product_cat":[1683,1694],"product_tag":[],"class_list":{"0":"post-57903","1":"product","2":"type-product","3":"status-publish","4":"has-post-thumbnail","6":"product_cat-schmuck-fur-sie","7":"product_cat-taillenketten-fusketten","8":"collection-liebesnacht-in-venedig","10":"first","11":"instock","12":"taxable","13":"shipping-taxable","14":"purchasable","15":"product-type-simple"},"acf":[],"_links":{"self":[{"href":"https:\/\/www.sylvie-monthule.com\/de\/wp-json\/wp\/v2\/product\/57903","targetHints":{"allow":["GET"]}}],"collection":[{"href":"https:\/\/www.sylvie-monthule.com\/de\/wp-json\/wp\/v2\/product"}],"about":[{"href":"https:\/\/www.sylvie-monthule.com\/de\/wp-json\/wp\/v2\/types\/product"}],"wp:featuredmedia":[{"embeddable":true,"href":"https:\/\/www.sylvie-monthule.com\/de\/wp-json\/wp\/v2\/media\/57904"}],"wp:attachment":[{"href":"https:\/\/www.sylvie-monthule.com\/de\/wp-json\/wp\/v2\/media?parent=57903"}],"wp:term":[{"taxonomy":"product_brand","embeddable":true,"href":"https:\/\/www.sylvie-monthule.com\/de\/wp-json\/wp\/v2\/product_brand?post=57903"},{"taxonomy":"product_cat","embeddable":true,"href":"https:\/\/www.sylvie-monthule.com\/de\/wp-json\/wp\/v2\/product_cat?post=57903"},{"taxonomy":"product_tag","embeddable":true,"href":"https:\/\/www.sylvie-monthule.com\/de\/wp-json\/wp\/v2\/product_tag?post=57903"}],"curies":[{"name":"wp","href":"https:\/\/api.w.org\/{rel}","templated":true}]}}