{"id":148154,"date":"2025-11-06T15:22:12","date_gmt":"2025-11-06T14:22:12","guid":{"rendered":"https:\/\/www.sylvie-monthule.com\/?post_type=product&#038;p=148154"},"modified":"2025-11-06T15:22:13","modified_gmt":"2025-11-06T14:22:13","slug":"tempete-interieure","status":"publish","type":"product","link":"https:\/\/www.sylvie-monthule.com\/de\/juwel\/tempete-interieure\/","title":{"rendered":"Temp\u00eate int\u00e9rieure"},"content":{"rendered":"<p>Impression en \u00e9dition limit\u00e9e (50 exemplaires) sur papier raffin\u00e9 Old Mill 300 Gr, d&#8217;apr\u00e8s une peinture \u00e0 l&#8217;huile originale de Sylvie Monthul\u00e9. Format A3 (29,7 x 42 cm.) L&#8217;impression est num\u00e9rot\u00e9e et sign\u00e9e par l&#8217;artiste. Emballage soign\u00e9 avec certificat d&#8217;authenticit\u00e9.<\/p>\n","protected":false},"excerpt":{"rendered":"<p>Impression en \u00e9dition limit\u00e9e (50 exemplaires) sur papier raffin\u00e9 Old Mill 300 Gr, d&#8217;apr\u00e8s une peinture \u00e0 l&#8217;huile originale de Sylvie Monthul\u00e9. Format A3 (29,7 x 42 cm.) L&#8217;impression est num\u00e9rot\u00e9e et sign\u00e9e par l&#8217;artiste. Emballage soign\u00e9 avec certificat d&#8217;authenticit\u00e9.<\/p>\n","protected":false},"featured_media":148006,"template":"","meta":{"_acf_changed":false},"product_brand":[],"product_cat":[1893,1884],"product_tag":[],"class_list":{"0":"post-148154","1":"product","2":"type-product","3":"status-publish","4":"has-post-thumbnail","6":"product_cat-prints-gemaelde","7":"product_cat-oelgemaelde","9":"first","10":"instock","11":"taxable","12":"shipping-taxable","13":"purchasable","14":"product-type-simple"},"acf":[],"_links":{"self":[{"href":"https:\/\/www.sylvie-monthule.com\/de\/wp-json\/wp\/v2\/product\/148154","targetHints":{"allow":["GET"]}}],"collection":[{"href":"https:\/\/www.sylvie-monthule.com\/de\/wp-json\/wp\/v2\/product"}],"about":[{"href":"https:\/\/www.sylvie-monthule.com\/de\/wp-json\/wp\/v2\/types\/product"}],"wp:featuredmedia":[{"embeddable":true,"href":"https:\/\/www.sylvie-monthule.com\/de\/wp-json\/wp\/v2\/media\/148006"}],"wp:attachment":[{"href":"https:\/\/www.sylvie-monthule.com\/de\/wp-json\/wp\/v2\/media?parent=148154"}],"wp:term":[{"taxonomy":"product_brand","embeddable":true,"href":"https:\/\/www.sylvie-monthule.com\/de\/wp-json\/wp\/v2\/product_brand?post=148154"},{"taxonomy":"product_cat","embeddable":true,"href":"https:\/\/www.sylvie-monthule.com\/de\/wp-json\/wp\/v2\/product_cat?post=148154"},{"taxonomy":"product_tag","embeddable":true,"href":"https:\/\/www.sylvie-monthule.com\/de\/wp-json\/wp\/v2\/product_tag?post=148154"}],"curies":[{"name":"wp","href":"https:\/\/api.w.org\/{rel}","templated":true}]}}