{"id":148118,"date":"2025-11-06T15:23:55","date_gmt":"2025-11-06T14:23:55","guid":{"rendered":"https:\/\/www.sylvie-monthule.com\/?post_type=product&p=148118"},"modified":"2025-10-22T17:28:46","modified_gmt":"2025-10-21T17:28:46","slug":"orchideenfrau-original","status":"publish","type":"product","link":"https:\/\/www.sylvie-monthule.com\/de\/juwel\/orchideenfrau-original\/","title":{"rendered":"Orchideenfrau (original)"},"content":{"rendered":"<p>Originalzeichnung von Sylvie Monthul\u00e9, ausgef\u00fchrt mit Graphitstift auf hochwertigem 250 g Papier. Format A3 (29,7 x 42 cm). Die Zeichnung wird sorgf\u00e4ltig verpackt und mit einem Echtheitszertifikat geliefert. Versand mit Versicherung \u00fcber DHL.<\/p>\n","protected":false},"excerpt":{"rendered":"<p>Originalzeichnung von Sylvie Monthul\u00e9, ausgef\u00fchrt mit Graphitstift auf hochwertigem 250 g Papier. Format A3 (29,7 x 42 cm). Die Zeichnung wird sorgf\u00e4ltig verpackt und mit einem Echtheitszertifikat geliefert. Versand mit Versicherung \u00fcber DHL.<\/p>\n","protected":false},"featured_media":147754,"template":"","meta":{"_acf_changed":false},"product_brand":[],"product_cat":[1708,1887],"product_tag":[],"class_list":{"0":"post-148118","1":"product","2":"type-product","3":"status-publish","4":"has-post-thumbnail","6":"product_cat-zeichnungen","7":"product_cat-originalzeichnungen","9":"first","10":"instock","11":"taxable","12":"shipping-taxable","13":"purchasable","14":"product-type-simple"},"acf":[],"_links":{"self":[{"href":"https:\/\/www.sylvie-monthule.com\/de\/wp-json\/wp\/v2\/product\/148118","targetHints":{"allow":["GET"]}}],"collection":[{"href":"https:\/\/www.sylvie-monthule.com\/de\/wp-json\/wp\/v2\/product"}],"about":[{"href":"https:\/\/www.sylvie-monthule.com\/de\/wp-json\/wp\/v2\/types\/product"}],"wp:featuredmedia":[{"embeddable":true,"href":"https:\/\/www.sylvie-monthule.com\/de\/wp-json\/wp\/v2\/media\/147754"}],"wp:attachment":[{"href":"https:\/\/www.sylvie-monthule.com\/de\/wp-json\/wp\/v2\/media?parent=148118"}],"wp:term":[{"taxonomy":"product_brand","embeddable":true,"href":"https:\/\/www.sylvie-monthule.com\/de\/wp-json\/wp\/v2\/product_brand?post=148118"},{"taxonomy":"product_cat","embeddable":true,"href":"https:\/\/www.sylvie-monthule.com\/de\/wp-json\/wp\/v2\/product_cat?post=148118"},{"taxonomy":"product_tag","embeddable":true,"href":"https:\/\/www.sylvie-monthule.com\/de\/wp-json\/wp\/v2\/product_tag?post=148118"}],"curies":[{"name":"wp","href":"https:\/\/api.w.org\/{rel}","templated":true}]}}