{"id":143279,"date":"2024-11-15T09:05:15","date_gmt":"2024-11-12T14:47:01","guid":{"rendered":"https:\/\/www.sylvie-monthule.com\/?post_type=product&p=143279"},"modified":"2024-11-13T14:47:01","modified_gmt":"2024-11-12T14:47:01","slug":"penisschmuck-katze-silber-und-schwarzer-anhanger","status":"publish","type":"product","link":"https:\/\/www.sylvie-monthule.com\/de\/juwel\/penisschmuck-katze-silber-und-schwarzer-anhanger\/","title":{"rendered":"Penisschmuck Katze Silber und schwarzer Anh\u00e4nger"},"content":{"rendered":"<p>Zuerst die Spur einer Katzenpfote, schwarz und silber, an der Basis Ihres Penis, dann umschlingt eine Kette Ihren Penis. Der schwarze Tropfenanh\u00e4nger schwingt auf Ihren Hoden. Ein katzenartiges Juwel f\u00fcr Ihn in Harmonie mit Katzenschmuck f\u00fcr Sie!<\/p>\n","protected":false},"excerpt":{"rendered":"<p>Penisband mit elastischer Basis f\u00fcr eine perfekte Passform.<\/p>\n<p>10 Mikron versilbert auf Metall.<br \/>\nSchwarze Emaillierung. Schwarzer Tropfen im Glas<br \/>\nHypoallergen.<\/p>\n","protected":false},"featured_media":142413,"template":"","meta":{"_acf_changed":false},"product_brand":[],"product_cat":[1687,1699],"product_tag":[],"class_list":{"0":"post-143279","1":"product","2":"type-product","3":"status-publish","4":"has-post-thumbnail","6":"product_cat-schmuck-fur-ihn","7":"product_cat-penis-schmuck","8":"collection-wenn-schmuck-wagt","10":"first","11":"instock","12":"taxable","13":"shipping-taxable","14":"purchasable","15":"product-type-simple"},"acf":[],"_links":{"self":[{"href":"https:\/\/www.sylvie-monthule.com\/de\/wp-json\/wp\/v2\/product\/143279","targetHints":{"allow":["GET"]}}],"collection":[{"href":"https:\/\/www.sylvie-monthule.com\/de\/wp-json\/wp\/v2\/product"}],"about":[{"href":"https:\/\/www.sylvie-monthule.com\/de\/wp-json\/wp\/v2\/types\/product"}],"wp:featuredmedia":[{"embeddable":true,"href":"https:\/\/www.sylvie-monthule.com\/de\/wp-json\/wp\/v2\/media\/142413"}],"wp:attachment":[{"href":"https:\/\/www.sylvie-monthule.com\/de\/wp-json\/wp\/v2\/media?parent=143279"}],"wp:term":[{"taxonomy":"product_brand","embeddable":true,"href":"https:\/\/www.sylvie-monthule.com\/de\/wp-json\/wp\/v2\/product_brand?post=143279"},{"taxonomy":"product_cat","embeddable":true,"href":"https:\/\/www.sylvie-monthule.com\/de\/wp-json\/wp\/v2\/product_cat?post=143279"},{"taxonomy":"product_tag","embeddable":true,"href":"https:\/\/www.sylvie-monthule.com\/de\/wp-json\/wp\/v2\/product_tag?post=143279"}],"curies":[{"name":"wp","href":"https:\/\/api.w.org\/{rel}","templated":true}]}}