{"id":143258,"date":"2024-11-15T09:05:19","date_gmt":"2024-11-12T14:46:54","guid":{"rendered":"https:\/\/www.sylvie-monthule.com\/?post_type=product&p=143258"},"modified":"2024-11-13T14:46:54","modified_gmt":"2024-11-12T14:46:54","slug":"bauchkette-katzenfrau-silber","status":"publish","type":"product","link":"https:\/\/www.sylvie-monthule.com\/de\/juwel\/bauchkette-katzenfrau-silber\/","title":{"rendered":"Bauchkette katzenfrau Silber"},"content":{"rendered":"<p>In der Kurve deiner Lenden, eine Katzenfrau&#8230; Ihr erhabener K\u00f6rper und ihr katzenartiger Schwanz funkeln auf Ihrer samtigen Haut. Eine Perle gleitet zwischen den Rundungen Ihres Ges\u00e4\u00dfes &#8230; Silber wird zum Nervenkitzel.<\/p>\n","protected":false},"excerpt":{"rendered":"<p>Geben Sie Ihre Wahl im Gr\u00f6\u00dfenblock an: S, M, L, XL\u2026<br \/>\nEgal welche Gr\u00f6\u00dfe Sie w\u00e4hlen Unser Taillenschmuck verf\u00fcgt \u00fcber eine Verstellm\u00f6glichkeit.<\/p>\n<p>10 Mikron versilbert auf Metall auf Metall.<br \/>\nAnh\u00e4ngerh\u00f6he mit H\u00e4matit-Tropfen: 5,5 cm.<br \/>\nHypoallergen.<\/p>\n","protected":false},"featured_media":142581,"template":"","meta":{"_acf_changed":false},"product_brand":[],"product_cat":[1683,1694],"product_tag":[],"class_list":{"0":"post-143258","1":"product","2":"type-product","3":"status-publish","4":"has-post-thumbnail","6":"product_cat-schmuck-fur-sie","7":"product_cat-taillenketten-fusketten","8":"collection-wenn-schmuck-wagt","9":"product_option-size-information-de","11":"first","12":"instock","13":"taxable","14":"shipping-taxable","15":"purchasable","16":"product-type-variable","17":"has-default-attributes"},"acf":[],"_links":{"self":[{"href":"https:\/\/www.sylvie-monthule.com\/de\/wp-json\/wp\/v2\/product\/143258","targetHints":{"allow":["GET"]}}],"collection":[{"href":"https:\/\/www.sylvie-monthule.com\/de\/wp-json\/wp\/v2\/product"}],"about":[{"href":"https:\/\/www.sylvie-monthule.com\/de\/wp-json\/wp\/v2\/types\/product"}],"wp:featuredmedia":[{"embeddable":true,"href":"https:\/\/www.sylvie-monthule.com\/de\/wp-json\/wp\/v2\/media\/142581"}],"wp:attachment":[{"href":"https:\/\/www.sylvie-monthule.com\/de\/wp-json\/wp\/v2\/media?parent=143258"}],"wp:term":[{"taxonomy":"product_brand","embeddable":true,"href":"https:\/\/www.sylvie-monthule.com\/de\/wp-json\/wp\/v2\/product_brand?post=143258"},{"taxonomy":"product_cat","embeddable":true,"href":"https:\/\/www.sylvie-monthule.com\/de\/wp-json\/wp\/v2\/product_cat?post=143258"},{"taxonomy":"product_tag","embeddable":true,"href":"https:\/\/www.sylvie-monthule.com\/de\/wp-json\/wp\/v2\/product_tag?post=143258"}],"curies":[{"name":"wp","href":"https:\/\/api.w.org\/{rel}","templated":true}]}}