{"id":143246,"date":"2024-11-15T09:05:22","date_gmt":"2024-11-12T14:46:50","guid":{"rendered":"https:\/\/www.sylvie-monthule.com\/?post_type=product&p=143246"},"modified":"2024-11-13T14:46:50","modified_gmt":"2024-11-12T14:46:50","slug":"handschmuck-silber-und-goldmond","status":"publish","type":"product","link":"https:\/\/www.sylvie-monthule.com\/de\/juwel\/handschmuck-silber-und-goldmond\/","title":{"rendered":"Handschmuck Silber und Goldmond"},"content":{"rendered":"<p>Eine silberne Kette umschlie\u00dft Ihren Finger und Ihr Handgelenk. Im Herzen des Schmuckst\u00fccks funkelt ein goldener Mond. Der Charme eines zweifarbigen Schmuckst\u00fccks!<\/p>\n","protected":false},"excerpt":{"rendered":"<p>Handschmuck. Justierbar.<br \/>\n10 Mikron versilbert auf Metall.<br \/>\nMond 1 Mikron 16 Karat und Finish 24 Karat.<br \/>\nHypoallergen.<\/p>\n","protected":false},"featured_media":142517,"template":"","meta":{"_acf_changed":false},"product_brand":[],"product_cat":[1683,1690],"product_tag":[],"class_list":{"0":"post-143246","1":"product","2":"type-product","3":"status-publish","4":"has-post-thumbnail","6":"product_cat-schmuck-fur-sie","7":"product_cat-handschmuck","8":"collection-wenn-schmuck-wagt","10":"first","11":"instock","12":"taxable","13":"shipping-taxable","14":"purchasable","15":"product-type-simple"},"acf":[],"_links":{"self":[{"href":"https:\/\/www.sylvie-monthule.com\/de\/wp-json\/wp\/v2\/product\/143246","targetHints":{"allow":["GET"]}}],"collection":[{"href":"https:\/\/www.sylvie-monthule.com\/de\/wp-json\/wp\/v2\/product"}],"about":[{"href":"https:\/\/www.sylvie-monthule.com\/de\/wp-json\/wp\/v2\/types\/product"}],"wp:featuredmedia":[{"embeddable":true,"href":"https:\/\/www.sylvie-monthule.com\/de\/wp-json\/wp\/v2\/media\/142517"}],"wp:attachment":[{"href":"https:\/\/www.sylvie-monthule.com\/de\/wp-json\/wp\/v2\/media?parent=143246"}],"wp:term":[{"taxonomy":"product_brand","embeddable":true,"href":"https:\/\/www.sylvie-monthule.com\/de\/wp-json\/wp\/v2\/product_brand?post=143246"},{"taxonomy":"product_cat","embeddable":true,"href":"https:\/\/www.sylvie-monthule.com\/de\/wp-json\/wp\/v2\/product_cat?post=143246"},{"taxonomy":"product_tag","embeddable":true,"href":"https:\/\/www.sylvie-monthule.com\/de\/wp-json\/wp\/v2\/product_tag?post=143246"}],"curies":[{"name":"wp","href":"https:\/\/api.w.org\/{rel}","templated":true}]}}