{"id":143237,"date":"2024-11-15T09:05:23","date_gmt":"2024-11-12T14:46:48","guid":{"rendered":"https:\/\/www.sylvie-monthule.com\/?post_type=product&p=143237"},"modified":"2024-11-13T14:46:48","modified_gmt":"2024-11-12T14:46:48","slug":"fuszkette-gold-und-silbermond","status":"publish","type":"product","link":"https:\/\/www.sylvie-monthule.com\/de\/juwel\/fuszkette-gold-und-silbermond\/","title":{"rendered":"Fu\u00dfkette Gold und Silbermond"},"content":{"rendered":"<p>Ein silberner Mond glitzert an einer d\u00fcnnen Goldkette, die deinen Kn\u00f6chel umschlingt. Gl\u00e4nzender Halbmond in der Nacht schwebend&#8230;<\/p>\n","protected":false},"excerpt":{"rendered":"<p>Vergoldete Fu\u00dfkettchen. Kette verstellbar auf 22 und 25 cm.<br \/>\nMondanh\u00e4nger 10 Mikron versilbert auf Metall.<br \/>\nHypoallergen.<\/p>\n","protected":false},"featured_media":142485,"template":"","meta":{"_acf_changed":false},"product_brand":[],"product_cat":[1683,1694],"product_tag":[],"class_list":{"0":"post-143237","1":"product","2":"type-product","3":"status-publish","4":"has-post-thumbnail","6":"product_cat-schmuck-fur-sie","7":"product_cat-taillenketten-fusketten","8":"collection-wenn-schmuck-wagt","10":"first","11":"instock","12":"taxable","13":"shipping-taxable","14":"purchasable","15":"product-type-simple"},"acf":[],"_links":{"self":[{"href":"https:\/\/www.sylvie-monthule.com\/de\/wp-json\/wp\/v2\/product\/143237","targetHints":{"allow":["GET"]}}],"collection":[{"href":"https:\/\/www.sylvie-monthule.com\/de\/wp-json\/wp\/v2\/product"}],"about":[{"href":"https:\/\/www.sylvie-monthule.com\/de\/wp-json\/wp\/v2\/types\/product"}],"wp:featuredmedia":[{"embeddable":true,"href":"https:\/\/www.sylvie-monthule.com\/de\/wp-json\/wp\/v2\/media\/142485"}],"wp:attachment":[{"href":"https:\/\/www.sylvie-monthule.com\/de\/wp-json\/wp\/v2\/media?parent=143237"}],"wp:term":[{"taxonomy":"product_brand","embeddable":true,"href":"https:\/\/www.sylvie-monthule.com\/de\/wp-json\/wp\/v2\/product_brand?post=143237"},{"taxonomy":"product_cat","embeddable":true,"href":"https:\/\/www.sylvie-monthule.com\/de\/wp-json\/wp\/v2\/product_cat?post=143237"},{"taxonomy":"product_tag","embeddable":true,"href":"https:\/\/www.sylvie-monthule.com\/de\/wp-json\/wp\/v2\/product_tag?post=143237"}],"curies":[{"name":"wp","href":"https:\/\/api.w.org\/{rel}","templated":true}]}}